{"id":155,"date":"2018-02-06T12:55:41","date_gmt":"2018-02-06T12:55:41","guid":{"rendered":"http:\/\/bridge151.qodeinteractive.com\/?page_id=155"},"modified":"2022-11-03T15:54:37","modified_gmt":"2022-11-03T14:54:37","slug":"produkty","status":"publish","type":"page","link":"https:\/\/www.quintesence.cz\/index.php\/produkty\/","title":{"rendered":"P\u0159ehled l\u00e9\u010div Quintesence"},"content":{"rendered":"<p>[vc_row css_animation=&#8221;&#8221; row_type=&#8221;row&#8221; use_row_as_full_screen_section=&#8221;no&#8221; type=&#8221;grid&#8221; angled_section=&#8221;no&#8221; text_align=&#8221;left&#8221; background_image_as_pattern=&#8221;without_pattern&#8221; padding_top=&#8221;115&#8243; padding_bottom=&#8221;83&#8243; z_index=&#8221;&#8221; css=&#8221;.vc_custom_1517922176787{background-color: #ffffff !important;}&#8221;][vc_column offset=&#8221;vc_col-md-4&#8243;][vc_single_image image=&#8221;18535&#8243; img_size=&#8221;large&#8221; onclick=&#8221;zoom&#8221; qode_css_animation=&#8221;&#8221;][vc_empty_space height=&#8221;30px&#8221;][vc_column_text]<\/p>\n<h2>Hydrocortisone Quintesence<\/h2>\n<p>[\/vc_column_text][vc_empty_space height=&#8221;18px&#8221;][vc_column_text]Tento l\u00e9k je pouze na l\u00e9ka\u0159sk\u00fd p\u0159edpis. Obsahuje hormon hydrokortison, p\u0159irozen\u00fd glukokortikoid (hormon k\u016fry nadledvin).[\/vc_column_text][vc_empty_space height=&#8221;18px&#8221;]<a  itemprop=\"url\" href=\"http:\/\/www.quintesence.cz\/index.php\/hydrocortison\/\" target=\"_self\"  class=\"qbutton  enlarge\" style=\"\">V\u00edce<i class=\"qode_icon_font_awesome fa fa-arrow-right qode_button_icon_element\" style=\"\" ><\/i><\/a>[vc_empty_space height=&#8221;30px&#8221;][\/vc_column][vc_column offset=&#8221;vc_col-md-4&#8243;][vc_single_image image=&#8221;18534&#8243; img_size=&#8221;large&#8221; onclick=&#8221;zoom&#8221; qode_css_animation=&#8221;&#8221;][vc_empty_space height=&#8221;30px&#8221;][vc_column_text]<\/p>\n<h2>Panthenol Quintesence<\/h2>\n<p>[\/vc_column_text][vc_empty_space height=&#8221;18px&#8221;][vc_column_text]Nov\u00fdm \u010dlenem produktov\u00e9 \u0159ady spole\u010dnosti Quintesence s.r.o. se stal Panthenol Quintesence tablety.[\/vc_column_text][vc_empty_space height=&#8221;18px&#8221;]<a  itemprop=\"url\" href=\"http:\/\/www.quintesence.cz\/index.php\/panthenol-tablety\/\" target=\"_self\"  class=\"qbutton  enlarge\" style=\"\">V\u00edce<i class=\"qode_icon_font_awesome fa fa-arrow-right qode_button_icon_element\" style=\"\" ><\/i><\/a>[vc_empty_space height=&#8221;30px&#8221;][\/vc_column][vc_column offset=&#8221;vc_col-md-4&#8243;][vc_single_image image=&#8221;18533&#8243; img_size=&#8221;large&#8221; onclick=&#8221;zoom&#8221; qode_css_animation=&#8221;&#8221;][vc_empty_space height=&#8221;30px&#8221;][vc_column_text]<\/p>\n<h2>Jenamazol<\/h2>\n<p>[\/vc_column_text][vc_empty_space height=&#8221;18px&#8221;][vc_column_text]Rychl\u00e1 l\u00e9\u010dba po\u0161evn\u00edch z\u00e1n\u011bt\u016f zp\u016fsoben\u00fdch kvasinkovou infekc\u00ed (po\u0161evn\u00ed myk\u00f3za, vulvovagin\u00e1ln\u00ed kandid\u00f3za).[\/vc_column_text][vc_empty_space height=&#8221;18px&#8221;]<a  itemprop=\"url\" href=\"http:\/\/www.quintesence.cz\/index.php\/jenamazol\/\" target=\"_self\"  class=\"qbutton  enlarge\" style=\"\">V\u00edce<i class=\"qode_icon_font_awesome fa fa-arrow-right qode_button_icon_element\" style=\"\" ><\/i><\/a>[vc_empty_space height=&#8221;30px&#8221;][\/vc_column][\/vc_row][vc_row css_animation=&#8221;&#8221; row_type=&#8221;row&#8221; use_row_as_full_screen_section=&#8221;no&#8221; type=&#8221;grid&#8221; angled_section=&#8221;no&#8221; text_align=&#8221;left&#8221; background_image_as_pattern=&#8221;without_pattern&#8221; padding_top=&#8221;47&#8243; padding_bottom=&#8221;47&#8243; z_index=&#8221;&#8221; css=&#8221;.vc_custom_1527584688343{background-color: #7a1161 !important;}&#8221;][vc_column offset=&#8221;vc_col-md-12&#8243;][vc_column_text]<\/p>\n<h2><span style=\"color: #ffffff;\">Jsme va\u0161\u00edm d\u016fv\u011bryhodn\u00fdm partnerem ji\u017e od roku 2005<\/span><\/h2>\n<p>[\/vc_column_text][vc_empty_space height=&#8221;10px&#8221;][vc_column_text]<span style=\"color: #ffffff;\">Od roku 2005 se neust\u00e1le star\u00e1me o kvalitn\u00ed produkty na \u010desk\u00e9m a slovensk\u00e9m trhu.<\/span>[\/vc_column_text][vc_empty_space height=&#8221;10px&#8221;]<div class='q_progress_bar'><h6 class='progress_title_holder clearfix' style='color: #ffffff;'><span class='progress_title'><span>Hydrocortison Quintesence<\/span><\/span><span class='progress_number' style='color: #ffffff;font-size: 13px;font-weight: 500;'><span>0<\/span>%<\/span><\/h6><div class='progress_content_outer' style='height: 12px;background-color: rgba(233, 232, 232, 1);'><div data-percentage='15' class='progress_content' style='height: 12px;background-color: #954181;'><\/div><\/div><\/div><div class='q_progress_bar'><h6 class='progress_title_holder clearfix' style='color: #ffffff;'><span class='progress_title'><span>Panthenol Quintesence tablety<\/span><\/span><span class='progress_number' style='color: #ffffff;font-size: 13px;font-weight: 500;'><span>0<\/span>%<\/span><\/h6><div class='progress_content_outer' style='height: 12px;background-color: rgba(233, 232, 232, 1);'><div data-percentage='45' class='progress_content' style='height: 12px;background-color: #954181;'><\/div><\/div><\/div><div class='q_progress_bar'><h6 class='progress_title_holder clearfix' style='color: #ffffff;'><span class='progress_title'><span>Jenamazol<\/span><\/span><span class='progress_number' style='color: #ffffff;font-size: 13px;font-weight: 500;'><span>0<\/span>%<\/span><\/h6><div class='progress_content_outer' style='height: 12px;background-color: rgba(233, 232, 232, 1);'><div data-percentage='40' class='progress_content' style='height: 12px;background-color: #954181;'><\/div><\/div><\/div>[vc_empty_space height=&#8221;10px&#8221;][vc_column_text]<em><span style=\"color: #ffffff;\">Ro\u010dn\u00ed kvantitativn\u00ed pr\u016fm\u011br prodeje v procentech<\/span><\/em>[\/vc_column_text][vc_empty_space height=&#8221;28 px&#8221;][\/vc_column][\/vc_row]<\/p>\n","protected":false},"excerpt":{"rendered":"<p>[vc_row css_animation=&#8221;&#8221; row_type=&#8221;row&#8221; use_row_as_full_screen_section=&#8221;no&#8221; type=&#8221;grid&#8221; angled_section=&#8221;no&#8221; text_align=&#8221;left&#8221; background_image_as_pattern=&#8221;without_pattern&#8221; padding_top=&#8221;115&#8243; padding_bottom=&#8221;83&#8243; z_index=&#8221;&#8221; css=&#8221;.vc_custom_1517922176787{background-color: #ffffff !important;}&#8221;][vc_column offset=&#8221;vc_col-md-4&#8243;][vc_single_image image=&#8221;18535&#8243; img_size=&#8221;large&#8221; onclick=&#8221;zoom&#8221; qode_css_animation=&#8221;&#8221;][vc_empty_space height=&#8221;30px&#8221;][vc_column_text] Hydrocortisone Quintesence [\/vc_column_text][vc_empty_space height=&#8221;18px&#8221;][vc_column_text]Tento l\u00e9k je pouze na l\u00e9ka\u0159sk\u00fd p\u0159edpis. Obsahuje hormon hydrokortison, p\u0159irozen\u00fd glukokortikoid (hormon k\u016fry nadledvin).[\/vc_column_text][vc_empty_space height=&#8221;18px&#8221;][vc_empty_space height=&#8221;30px&#8221;][\/vc_column][vc_column offset=&#8221;vc_col-md-4&#8243;][vc_single_image image=&#8221;18534&#8243; img_size=&#8221;large&#8221; onclick=&#8221;zoom&#8221; qode_css_animation=&#8221;&#8221;][vc_empty_space&#8230;<\/p>\n","protected":false},"author":1,"featured_media":0,"parent":0,"menu_order":0,"comment_status":"closed","ping_status":"closed","template":"full_width.php","meta":{"footnotes":""},"class_list":["post-155","page","type-page","status-publish","hentry"],"yoast_head":"<!-- This site is optimized with the Yoast SEO plugin v26.7 - https:\/\/yoast.com\/wordpress\/plugins\/seo\/ -->\n<title>P\u0159ehled l\u00e9\u010div Quintesence | quintesence.cz<\/title>\n<meta name=\"robots\" content=\"index, follow, max-snippet:-1, max-image-preview:large, max-video-preview:-1\" \/>\n<link rel=\"canonical\" href=\"https:\/\/www.quintesence.cz\/index.php\/produkty\/\" \/>\n<meta property=\"og:locale\" content=\"en_US\" \/>\n<meta property=\"og:type\" content=\"article\" \/>\n<meta property=\"og:title\" content=\"P\u0159ehled l\u00e9\u010div Quintesence | quintesence.cz\" \/>\n<meta property=\"og:description\" content=\"[vc_row css_animation=&#8221;&#8221; row_type=&#8221;row&#8221; use_row_as_full_screen_section=&#8221;no&#8221; type=&#8221;grid&#8221; angled_section=&#8221;no&#8221; text_align=&#8221;left&#8221; background_image_as_pattern=&#8221;without_pattern&#8221; padding_top=&#8221;115&#8243; padding_bottom=&#8221;83&#8243; z_index=&#8221;&#8221; css=&#8221;.vc_custom_1517922176787{background-color: #ffffff !important;}&#8221;][vc_column offset=&#8221;vc_col-md-4&#8243;][vc_single_image image=&#8221;18535&#8243; img_size=&#8221;large&#8221; onclick=&#8221;zoom&#8221; qode_css_animation=&#8221;&#8221;][vc_empty_space height=&#8221;30px&#8221;][vc_column_text] Hydrocortisone Quintesence [\/vc_column_text][vc_empty_space height=&#8221;18px&#8221;][vc_column_text]Tento l\u00e9k je pouze na l\u00e9ka\u0159sk\u00fd p\u0159edpis. Obsahuje hormon hydrokortison, p\u0159irozen\u00fd glukokortikoid (hormon k\u016fry nadledvin).[\/vc_column_text][vc_empty_space height=&#8221;18px&#8221;][vc_empty_space height=&#8221;30px&#8221;][\/vc_column][vc_column offset=&#8221;vc_col-md-4&#8243;][vc_single_image image=&#8221;18534&#8243; img_size=&#8221;large&#8221; onclick=&#8221;zoom&#8221; qode_css_animation=&#8221;&#8221;][vc_empty_space...\" \/>\n<meta property=\"og:url\" content=\"https:\/\/www.quintesence.cz\/index.php\/produkty\/\" \/>\n<meta property=\"og:site_name\" content=\"quintesence.cz\" \/>\n<meta property=\"article:publisher\" content=\"https:\/\/www.facebook.com\/quintesence.ad\" \/>\n<meta property=\"article:modified_time\" content=\"2022-11-03T14:54:37+00:00\" \/>\n<meta name=\"twitter:card\" content=\"summary_large_image\" \/>\n<meta name=\"twitter:label1\" content=\"Est. reading time\" \/>\n\t<meta name=\"twitter:data1\" content=\"3 minutes\" \/>\n<script type=\"application\/ld+json\" class=\"yoast-schema-graph\">{\"@context\":\"https:\/\/schema.org\",\"@graph\":[{\"@type\":\"WebPage\",\"@id\":\"https:\/\/www.quintesence.cz\/index.php\/produkty\/\",\"url\":\"https:\/\/www.quintesence.cz\/index.php\/produkty\/\",\"name\":\"P\u0159ehled l\u00e9\u010div Quintesence | quintesence.cz\",\"isPartOf\":{\"@id\":\"https:\/\/www.quintesence.cz\/#website\"},\"datePublished\":\"2018-02-06T12:55:41+00:00\",\"dateModified\":\"2022-11-03T14:54:37+00:00\",\"breadcrumb\":{\"@id\":\"https:\/\/www.quintesence.cz\/index.php\/produkty\/#breadcrumb\"},\"inLanguage\":\"en-US\",\"potentialAction\":[{\"@type\":\"ReadAction\",\"target\":[\"https:\/\/www.quintesence.cz\/index.php\/produkty\/\"]}]},{\"@type\":\"BreadcrumbList\",\"@id\":\"https:\/\/www.quintesence.cz\/index.php\/produkty\/#breadcrumb\",\"itemListElement\":[{\"@type\":\"ListItem\",\"position\":1,\"name\":\"Home\",\"item\":\"https:\/\/www.quintesence.cz\/\"},{\"@type\":\"ListItem\",\"position\":2,\"name\":\"P\u0159ehled l\u00e9\u010div Quintesence\"}]},{\"@type\":\"WebSite\",\"@id\":\"https:\/\/www.quintesence.cz\/#website\",\"url\":\"https:\/\/www.quintesence.cz\/\",\"name\":\"quintesence.cz\",\"description\":\"Enhancing quality of life\",\"publisher\":{\"@id\":\"https:\/\/www.quintesence.cz\/#organization\"},\"potentialAction\":[{\"@type\":\"SearchAction\",\"target\":{\"@type\":\"EntryPoint\",\"urlTemplate\":\"https:\/\/www.quintesence.cz\/?s={search_term_string}\"},\"query-input\":{\"@type\":\"PropertyValueSpecification\",\"valueRequired\":true,\"valueName\":\"search_term_string\"}}],\"inLanguage\":\"en-US\"},{\"@type\":\"Organization\",\"@id\":\"https:\/\/www.quintesence.cz\/#organization\",\"name\":\"Quintesence\",\"url\":\"https:\/\/www.quintesence.cz\/\",\"logo\":{\"@type\":\"ImageObject\",\"inLanguage\":\"en-US\",\"@id\":\"https:\/\/www.quintesence.cz\/#\/schema\/logo\/image\/\",\"url\":\"https:\/\/www.quintesence.cz\/wp-content\/uploads\/2018\/06\/LogoHome_Purple.png\",\"contentUrl\":\"https:\/\/www.quintesence.cz\/wp-content\/uploads\/2018\/06\/LogoHome_Purple.png\",\"width\":146,\"height\":51,\"caption\":\"Quintesence\"},\"image\":{\"@id\":\"https:\/\/www.quintesence.cz\/#\/schema\/logo\/image\/\"},\"sameAs\":[\"https:\/\/www.facebook.com\/quintesence.ad\"]}]}<\/script>\n<!-- \/ Yoast SEO plugin. -->","yoast_head_json":{"title":"P\u0159ehled l\u00e9\u010div Quintesence | quintesence.cz","robots":{"index":"index","follow":"follow","max-snippet":"max-snippet:-1","max-image-preview":"max-image-preview:large","max-video-preview":"max-video-preview:-1"},"canonical":"https:\/\/www.quintesence.cz\/index.php\/produkty\/","og_locale":"en_US","og_type":"article","og_title":"P\u0159ehled l\u00e9\u010div Quintesence | quintesence.cz","og_description":"[vc_row css_animation=&#8221;&#8221; row_type=&#8221;row&#8221; use_row_as_full_screen_section=&#8221;no&#8221; type=&#8221;grid&#8221; angled_section=&#8221;no&#8221; text_align=&#8221;left&#8221; background_image_as_pattern=&#8221;without_pattern&#8221; padding_top=&#8221;115&#8243; padding_bottom=&#8221;83&#8243; z_index=&#8221;&#8221; css=&#8221;.vc_custom_1517922176787{background-color: #ffffff !important;}&#8221;][vc_column offset=&#8221;vc_col-md-4&#8243;][vc_single_image image=&#8221;18535&#8243; img_size=&#8221;large&#8221; onclick=&#8221;zoom&#8221; qode_css_animation=&#8221;&#8221;][vc_empty_space height=&#8221;30px&#8221;][vc_column_text] Hydrocortisone Quintesence [\/vc_column_text][vc_empty_space height=&#8221;18px&#8221;][vc_column_text]Tento l\u00e9k je pouze na l\u00e9ka\u0159sk\u00fd p\u0159edpis. Obsahuje hormon hydrokortison, p\u0159irozen\u00fd glukokortikoid (hormon k\u016fry nadledvin).[\/vc_column_text][vc_empty_space height=&#8221;18px&#8221;][vc_empty_space height=&#8221;30px&#8221;][\/vc_column][vc_column offset=&#8221;vc_col-md-4&#8243;][vc_single_image image=&#8221;18534&#8243; img_size=&#8221;large&#8221; onclick=&#8221;zoom&#8221; qode_css_animation=&#8221;&#8221;][vc_empty_space...","og_url":"https:\/\/www.quintesence.cz\/index.php\/produkty\/","og_site_name":"quintesence.cz","article_publisher":"https:\/\/www.facebook.com\/quintesence.ad","article_modified_time":"2022-11-03T14:54:37+00:00","twitter_card":"summary_large_image","twitter_misc":{"Est. reading time":"3 minutes"},"schema":{"@context":"https:\/\/schema.org","@graph":[{"@type":"WebPage","@id":"https:\/\/www.quintesence.cz\/index.php\/produkty\/","url":"https:\/\/www.quintesence.cz\/index.php\/produkty\/","name":"P\u0159ehled l\u00e9\u010div Quintesence | quintesence.cz","isPartOf":{"@id":"https:\/\/www.quintesence.cz\/#website"},"datePublished":"2018-02-06T12:55:41+00:00","dateModified":"2022-11-03T14:54:37+00:00","breadcrumb":{"@id":"https:\/\/www.quintesence.cz\/index.php\/produkty\/#breadcrumb"},"inLanguage":"en-US","potentialAction":[{"@type":"ReadAction","target":["https:\/\/www.quintesence.cz\/index.php\/produkty\/"]}]},{"@type":"BreadcrumbList","@id":"https:\/\/www.quintesence.cz\/index.php\/produkty\/#breadcrumb","itemListElement":[{"@type":"ListItem","position":1,"name":"Home","item":"https:\/\/www.quintesence.cz\/"},{"@type":"ListItem","position":2,"name":"P\u0159ehled l\u00e9\u010div Quintesence"}]},{"@type":"WebSite","@id":"https:\/\/www.quintesence.cz\/#website","url":"https:\/\/www.quintesence.cz\/","name":"quintesence.cz","description":"Enhancing quality of life","publisher":{"@id":"https:\/\/www.quintesence.cz\/#organization"},"potentialAction":[{"@type":"SearchAction","target":{"@type":"EntryPoint","urlTemplate":"https:\/\/www.quintesence.cz\/?s={search_term_string}"},"query-input":{"@type":"PropertyValueSpecification","valueRequired":true,"valueName":"search_term_string"}}],"inLanguage":"en-US"},{"@type":"Organization","@id":"https:\/\/www.quintesence.cz\/#organization","name":"Quintesence","url":"https:\/\/www.quintesence.cz\/","logo":{"@type":"ImageObject","inLanguage":"en-US","@id":"https:\/\/www.quintesence.cz\/#\/schema\/logo\/image\/","url":"https:\/\/www.quintesence.cz\/wp-content\/uploads\/2018\/06\/LogoHome_Purple.png","contentUrl":"https:\/\/www.quintesence.cz\/wp-content\/uploads\/2018\/06\/LogoHome_Purple.png","width":146,"height":51,"caption":"Quintesence"},"image":{"@id":"https:\/\/www.quintesence.cz\/#\/schema\/logo\/image\/"},"sameAs":["https:\/\/www.facebook.com\/quintesence.ad"]}]}},"_links":{"self":[{"href":"https:\/\/www.quintesence.cz\/index.php\/wp-json\/wp\/v2\/pages\/155","targetHints":{"allow":["GET"]}}],"collection":[{"href":"https:\/\/www.quintesence.cz\/index.php\/wp-json\/wp\/v2\/pages"}],"about":[{"href":"https:\/\/www.quintesence.cz\/index.php\/wp-json\/wp\/v2\/types\/page"}],"author":[{"embeddable":true,"href":"https:\/\/www.quintesence.cz\/index.php\/wp-json\/wp\/v2\/users\/1"}],"replies":[{"embeddable":true,"href":"https:\/\/www.quintesence.cz\/index.php\/wp-json\/wp\/v2\/comments?post=155"}],"version-history":[{"count":31,"href":"https:\/\/www.quintesence.cz\/index.php\/wp-json\/wp\/v2\/pages\/155\/revisions"}],"predecessor-version":[{"id":18537,"href":"https:\/\/www.quintesence.cz\/index.php\/wp-json\/wp\/v2\/pages\/155\/revisions\/18537"}],"wp:attachment":[{"href":"https:\/\/www.quintesence.cz\/index.php\/wp-json\/wp\/v2\/media?parent=155"}],"curies":[{"name":"wp","href":"https:\/\/api.w.org\/{rel}","templated":true}]}}