{"id":18143,"date":"2018-05-31T07:34:46","date_gmt":"2018-05-31T06:34:46","guid":{"rendered":"http:\/\/www.quintesence.cz\/?page_id=18143"},"modified":"2019-01-28T13:28:26","modified_gmt":"2019-01-28T12:28:26","slug":"farmakovigilance","status":"publish","type":"page","link":"https:\/\/www.quintesence.cz\/index.php\/farmakovigilance\/","title":{"rendered":"Farmakovigilance"},"content":{"rendered":"<p>[vc_row css_animation=&#8221;&#8221; row_type=&#8221;row&#8221; use_row_as_full_screen_section=&#8221;no&#8221; type=&#8221;grid&#8221; angled_section=&#8221;no&#8221; text_align=&#8221;center&#8221; background_image_as_pattern=&#8221;without_pattern&#8221; padding_top=&#8221;100&#8243; padding_bottom=&#8221;60&#8243; z_index=&#8221;&#8221; css=&#8221;.vc_custom_1528095297340{background-color: #ffffff !important;}&#8221;][vc_column width=&#8221;5\/6&#8243; offset=&#8221;vc_col-md-10 vc_col-sm-offset-1&#8243;][vc_column_text]<\/p>\n<h1 style=\"text-align: left;\">Farmakovigilance<br \/>\nhl\u00e1\u0161en\u00ed ne\u017e\u00e1douc\u00edch \u00fa\u010dink\u016f<\/h1>\n<p>[\/vc_column_text][vc_empty_space height=&#8221;28px&#8221;][vc_column_text]<\/p>\n<h4 style=\"text-align: left;\">Syst\u00e9m slu\u017eeb pro zaji\u0161t\u011bn\u00ed bezpe\u010dnosti hum\u00e1nn\u00edch l\u00e9\u010div\u00fdch p\u0159\u00edpravk\u016f a zdravotnick\u00fdch prost\u0159edk\u016f. \u2028Nep\u0159etr\u017eit\u00e1 slu\u017eba pro p\u0159\u00edjem hl\u00e1\u0161en\u00ed ne\u017e\u00e1douc\u00edch \u00fa\u010dink\u016f l\u00e9\u010div\u00fdch p\u0159\u00edpravk\u016f a ne\u017e\u00e1douc\u00edch p\u0159\u00edhod zdravotnick\u00fdch prost\u0159edk\u016f.<\/h4>\n<p>[\/vc_column_text][vc_empty_space height=&#8221;28px&#8221;][vc_column_text]<\/p>\n<p style=\"text-align: left;\"><span style=\"color: #000000;\"><strong>KAM HL\u00c1SIT?<\/strong><\/span><\/p>\n<p style=\"text-align: left;\"><span style=\"color: #000000;\">MUDr. Michal POHL<\/span><br \/>\n<span style=\"color: #000000;\">mobil +420 721 614 853<\/span><br \/>\n<span style=\"color: #000000;\">email: michalp@pharma-service.cz<br \/>\n<\/span><\/p>\n<p>&nbsp;<\/p>\n<p style=\"text-align: left;\"><span style=\"color: #000000;\">PharmDr. Ivan CIMPRICH<\/span><br \/>\n<span style=\"color: #000000;\">mobil +420 731 169 914<\/span><br \/>\n<span style=\"color: #000000;\">email: info@euphar.cz<\/span><br \/>\n<span style=\"color: #000000;\"><br \/>\nQUINTESENCE s.r.o. &#8211; <a style=\"color: #000000;\" href=\"mailto:ganev@quintesence.cz\">ganev@quintesence.cz<\/a><\/span><\/p>\n<p>[\/vc_column_text][vc_empty_space height=&#8221;28px&#8221;][vc_column_text]<\/p>\n<p style=\"text-align: left;\"><span style=\"color: #000000;\"><strong>CO HL\u00c1SIT?\u2028<\/strong><\/span><\/p>\n<p style=\"text-align: left;\"><span style=\"color: #000000;\"><strong>KDO<\/strong> ozn\u00e1mil informaci? (l\u00e9ka\u0159, p\u0159\u00edtel, spolupracovn\u00edk) jm\u00e9no, adresa, telefon<\/span><\/p>\n<p style=\"text-align: left;\"><span style=\"color: #000000;\"><strong>CO<\/strong> se p\u0159ihodilo? Diagnoza, p\u0159\u00edznaky za\u010d\u00e1tek\/konec, n\u00e1sledky<\/span><\/p>\n<p style=\"text-align: left;\"><span style=\"color: #000000;\"><strong>KOMU<\/strong> se n\u011bco stalo? (posti\u017een\u00fd) inici\u00e1ly, pohlav\u00ed, v\u011bk<\/span><\/p>\n<p style=\"text-align: left;\"><span style=\"color: #000000;\"><strong>KTER\u00dd <\/strong>p\u0159\u00edpravek spole\u010dnosti Quintesence s.r.o.<\/span><\/p>\n<p>[\/vc_column_text][vc_empty_space height=&#8221;28px&#8221;]<a  itemprop=\"url\" href=\"http:\/\/www.quintesence.cz\" target=\"_self\"  class=\"qbutton  left enlarge\" style=\"\">zp\u011bt<i class=\"qode_icon_font_awesome fa fa-arrow-left qode_button_icon_element\" style=\"\" ><\/i><\/a>[\/vc_column][\/vc_row]<\/p>\n","protected":false},"excerpt":{"rendered":"<p>[vc_row css_animation=&#8221;&#8221; row_type=&#8221;row&#8221; use_row_as_full_screen_section=&#8221;no&#8221; type=&#8221;grid&#8221; angled_section=&#8221;no&#8221; text_align=&#8221;center&#8221; background_image_as_pattern=&#8221;without_pattern&#8221; padding_top=&#8221;100&#8243; padding_bottom=&#8221;60&#8243; z_index=&#8221;&#8221; css=&#8221;.vc_custom_1528095297340{background-color: #ffffff !important;}&#8221;][vc_column width=&#8221;5\/6&#8243; offset=&#8221;vc_col-md-10 vc_col-sm-offset-1&#8243;][vc_column_text] Farmakovigilance hl\u00e1\u0161en\u00ed ne\u017e\u00e1douc\u00edch \u00fa\u010dink\u016f [\/vc_column_text][vc_empty_space height=&#8221;28px&#8221;][vc_column_text] Syst\u00e9m slu\u017eeb pro zaji\u0161t\u011bn\u00ed bezpe\u010dnosti hum\u00e1nn\u00edch l\u00e9\u010div\u00fdch p\u0159\u00edpravk\u016f a zdravotnick\u00fdch prost\u0159edk\u016f. \u2028Nep\u0159etr\u017eit\u00e1 slu\u017eba pro p\u0159\u00edjem hl\u00e1\u0161en\u00ed ne\u017e\u00e1douc\u00edch \u00fa\u010dink\u016f l\u00e9\u010div\u00fdch p\u0159\u00edpravk\u016f a ne\u017e\u00e1douc\u00edch&#8230;<\/p>\n","protected":false},"author":1,"featured_media":0,"parent":0,"menu_order":0,"comment_status":"closed","ping_status":"closed","template":"full_width.php","meta":{"footnotes":""},"class_list":["post-18143","page","type-page","status-publish","hentry"],"yoast_head":"<!-- This site is optimized with the Yoast SEO plugin v26.7 - https:\/\/yoast.com\/wordpress\/plugins\/seo\/ -->\n<title>Farmakovigilance | quintesence.cz<\/title>\n<meta name=\"robots\" content=\"index, follow, max-snippet:-1, max-image-preview:large, max-video-preview:-1\" \/>\n<link rel=\"canonical\" href=\"https:\/\/www.quintesence.cz\/index.php\/farmakovigilance\/\" \/>\n<meta property=\"og:locale\" content=\"en_US\" \/>\n<meta property=\"og:type\" content=\"article\" \/>\n<meta property=\"og:title\" content=\"Farmakovigilance | quintesence.cz\" \/>\n<meta property=\"og:description\" content=\"[vc_row css_animation=&#8221;&#8221; row_type=&#8221;row&#8221; use_row_as_full_screen_section=&#8221;no&#8221; type=&#8221;grid&#8221; angled_section=&#8221;no&#8221; text_align=&#8221;center&#8221; background_image_as_pattern=&#8221;without_pattern&#8221; padding_top=&#8221;100&#8243; padding_bottom=&#8221;60&#8243; z_index=&#8221;&#8221; css=&#8221;.vc_custom_1528095297340{background-color: #ffffff !important;}&#8221;][vc_column width=&#8221;5\/6&#8243; offset=&#8221;vc_col-md-10 vc_col-sm-offset-1&#8243;][vc_column_text] Farmakovigilance hl\u00e1\u0161en\u00ed ne\u017e\u00e1douc\u00edch \u00fa\u010dink\u016f [\/vc_column_text][vc_empty_space height=&#8221;28px&#8221;][vc_column_text] Syst\u00e9m slu\u017eeb pro zaji\u0161t\u011bn\u00ed bezpe\u010dnosti hum\u00e1nn\u00edch l\u00e9\u010div\u00fdch p\u0159\u00edpravk\u016f a zdravotnick\u00fdch prost\u0159edk\u016f. \u2028Nep\u0159etr\u017eit\u00e1 slu\u017eba pro p\u0159\u00edjem hl\u00e1\u0161en\u00ed ne\u017e\u00e1douc\u00edch \u00fa\u010dink\u016f l\u00e9\u010div\u00fdch p\u0159\u00edpravk\u016f a ne\u017e\u00e1douc\u00edch...\" \/>\n<meta property=\"og:url\" content=\"https:\/\/www.quintesence.cz\/index.php\/farmakovigilance\/\" \/>\n<meta property=\"og:site_name\" content=\"quintesence.cz\" \/>\n<meta property=\"article:publisher\" content=\"https:\/\/www.facebook.com\/quintesence.ad\" \/>\n<meta property=\"article:modified_time\" content=\"2019-01-28T12:28:26+00:00\" \/>\n<meta name=\"twitter:card\" content=\"summary_large_image\" \/>\n<meta name=\"twitter:label1\" content=\"Est. reading time\" \/>\n\t<meta name=\"twitter:data1\" content=\"1 minute\" \/>\n<script type=\"application\/ld+json\" class=\"yoast-schema-graph\">{\"@context\":\"https:\/\/schema.org\",\"@graph\":[{\"@type\":\"WebPage\",\"@id\":\"https:\/\/www.quintesence.cz\/index.php\/farmakovigilance\/\",\"url\":\"https:\/\/www.quintesence.cz\/index.php\/farmakovigilance\/\",\"name\":\"Farmakovigilance | quintesence.cz\",\"isPartOf\":{\"@id\":\"https:\/\/www.quintesence.cz\/#website\"},\"datePublished\":\"2018-05-31T06:34:46+00:00\",\"dateModified\":\"2019-01-28T12:28:26+00:00\",\"breadcrumb\":{\"@id\":\"https:\/\/www.quintesence.cz\/index.php\/farmakovigilance\/#breadcrumb\"},\"inLanguage\":\"en-US\",\"potentialAction\":[{\"@type\":\"ReadAction\",\"target\":[\"https:\/\/www.quintesence.cz\/index.php\/farmakovigilance\/\"]}]},{\"@type\":\"BreadcrumbList\",\"@id\":\"https:\/\/www.quintesence.cz\/index.php\/farmakovigilance\/#breadcrumb\",\"itemListElement\":[{\"@type\":\"ListItem\",\"position\":1,\"name\":\"Home\",\"item\":\"https:\/\/www.quintesence.cz\/\"},{\"@type\":\"ListItem\",\"position\":2,\"name\":\"Farmakovigilance\"}]},{\"@type\":\"WebSite\",\"@id\":\"https:\/\/www.quintesence.cz\/#website\",\"url\":\"https:\/\/www.quintesence.cz\/\",\"name\":\"quintesence.cz\",\"description\":\"Enhancing quality of life\",\"publisher\":{\"@id\":\"https:\/\/www.quintesence.cz\/#organization\"},\"potentialAction\":[{\"@type\":\"SearchAction\",\"target\":{\"@type\":\"EntryPoint\",\"urlTemplate\":\"https:\/\/www.quintesence.cz\/?s={search_term_string}\"},\"query-input\":{\"@type\":\"PropertyValueSpecification\",\"valueRequired\":true,\"valueName\":\"search_term_string\"}}],\"inLanguage\":\"en-US\"},{\"@type\":\"Organization\",\"@id\":\"https:\/\/www.quintesence.cz\/#organization\",\"name\":\"Quintesence\",\"url\":\"https:\/\/www.quintesence.cz\/\",\"logo\":{\"@type\":\"ImageObject\",\"inLanguage\":\"en-US\",\"@id\":\"https:\/\/www.quintesence.cz\/#\/schema\/logo\/image\/\",\"url\":\"https:\/\/www.quintesence.cz\/wp-content\/uploads\/2018\/06\/LogoHome_Purple.png\",\"contentUrl\":\"https:\/\/www.quintesence.cz\/wp-content\/uploads\/2018\/06\/LogoHome_Purple.png\",\"width\":146,\"height\":51,\"caption\":\"Quintesence\"},\"image\":{\"@id\":\"https:\/\/www.quintesence.cz\/#\/schema\/logo\/image\/\"},\"sameAs\":[\"https:\/\/www.facebook.com\/quintesence.ad\"]}]}<\/script>\n<!-- \/ Yoast SEO plugin. -->","yoast_head_json":{"title":"Farmakovigilance | quintesence.cz","robots":{"index":"index","follow":"follow","max-snippet":"max-snippet:-1","max-image-preview":"max-image-preview:large","max-video-preview":"max-video-preview:-1"},"canonical":"https:\/\/www.quintesence.cz\/index.php\/farmakovigilance\/","og_locale":"en_US","og_type":"article","og_title":"Farmakovigilance | quintesence.cz","og_description":"[vc_row css_animation=&#8221;&#8221; row_type=&#8221;row&#8221; use_row_as_full_screen_section=&#8221;no&#8221; type=&#8221;grid&#8221; angled_section=&#8221;no&#8221; text_align=&#8221;center&#8221; background_image_as_pattern=&#8221;without_pattern&#8221; padding_top=&#8221;100&#8243; padding_bottom=&#8221;60&#8243; z_index=&#8221;&#8221; css=&#8221;.vc_custom_1528095297340{background-color: #ffffff !important;}&#8221;][vc_column width=&#8221;5\/6&#8243; offset=&#8221;vc_col-md-10 vc_col-sm-offset-1&#8243;][vc_column_text] Farmakovigilance hl\u00e1\u0161en\u00ed ne\u017e\u00e1douc\u00edch \u00fa\u010dink\u016f [\/vc_column_text][vc_empty_space height=&#8221;28px&#8221;][vc_column_text] Syst\u00e9m slu\u017eeb pro zaji\u0161t\u011bn\u00ed bezpe\u010dnosti hum\u00e1nn\u00edch l\u00e9\u010div\u00fdch p\u0159\u00edpravk\u016f a zdravotnick\u00fdch prost\u0159edk\u016f. \u2028Nep\u0159etr\u017eit\u00e1 slu\u017eba pro p\u0159\u00edjem hl\u00e1\u0161en\u00ed ne\u017e\u00e1douc\u00edch \u00fa\u010dink\u016f l\u00e9\u010div\u00fdch p\u0159\u00edpravk\u016f a ne\u017e\u00e1douc\u00edch...","og_url":"https:\/\/www.quintesence.cz\/index.php\/farmakovigilance\/","og_site_name":"quintesence.cz","article_publisher":"https:\/\/www.facebook.com\/quintesence.ad","article_modified_time":"2019-01-28T12:28:26+00:00","twitter_card":"summary_large_image","twitter_misc":{"Est. reading time":"1 minute"},"schema":{"@context":"https:\/\/schema.org","@graph":[{"@type":"WebPage","@id":"https:\/\/www.quintesence.cz\/index.php\/farmakovigilance\/","url":"https:\/\/www.quintesence.cz\/index.php\/farmakovigilance\/","name":"Farmakovigilance | quintesence.cz","isPartOf":{"@id":"https:\/\/www.quintesence.cz\/#website"},"datePublished":"2018-05-31T06:34:46+00:00","dateModified":"2019-01-28T12:28:26+00:00","breadcrumb":{"@id":"https:\/\/www.quintesence.cz\/index.php\/farmakovigilance\/#breadcrumb"},"inLanguage":"en-US","potentialAction":[{"@type":"ReadAction","target":["https:\/\/www.quintesence.cz\/index.php\/farmakovigilance\/"]}]},{"@type":"BreadcrumbList","@id":"https:\/\/www.quintesence.cz\/index.php\/farmakovigilance\/#breadcrumb","itemListElement":[{"@type":"ListItem","position":1,"name":"Home","item":"https:\/\/www.quintesence.cz\/"},{"@type":"ListItem","position":2,"name":"Farmakovigilance"}]},{"@type":"WebSite","@id":"https:\/\/www.quintesence.cz\/#website","url":"https:\/\/www.quintesence.cz\/","name":"quintesence.cz","description":"Enhancing quality of life","publisher":{"@id":"https:\/\/www.quintesence.cz\/#organization"},"potentialAction":[{"@type":"SearchAction","target":{"@type":"EntryPoint","urlTemplate":"https:\/\/www.quintesence.cz\/?s={search_term_string}"},"query-input":{"@type":"PropertyValueSpecification","valueRequired":true,"valueName":"search_term_string"}}],"inLanguage":"en-US"},{"@type":"Organization","@id":"https:\/\/www.quintesence.cz\/#organization","name":"Quintesence","url":"https:\/\/www.quintesence.cz\/","logo":{"@type":"ImageObject","inLanguage":"en-US","@id":"https:\/\/www.quintesence.cz\/#\/schema\/logo\/image\/","url":"https:\/\/www.quintesence.cz\/wp-content\/uploads\/2018\/06\/LogoHome_Purple.png","contentUrl":"https:\/\/www.quintesence.cz\/wp-content\/uploads\/2018\/06\/LogoHome_Purple.png","width":146,"height":51,"caption":"Quintesence"},"image":{"@id":"https:\/\/www.quintesence.cz\/#\/schema\/logo\/image\/"},"sameAs":["https:\/\/www.facebook.com\/quintesence.ad"]}]}},"_links":{"self":[{"href":"https:\/\/www.quintesence.cz\/index.php\/wp-json\/wp\/v2\/pages\/18143","targetHints":{"allow":["GET"]}}],"collection":[{"href":"https:\/\/www.quintesence.cz\/index.php\/wp-json\/wp\/v2\/pages"}],"about":[{"href":"https:\/\/www.quintesence.cz\/index.php\/wp-json\/wp\/v2\/types\/page"}],"author":[{"embeddable":true,"href":"https:\/\/www.quintesence.cz\/index.php\/wp-json\/wp\/v2\/users\/1"}],"replies":[{"embeddable":true,"href":"https:\/\/www.quintesence.cz\/index.php\/wp-json\/wp\/v2\/comments?post=18143"}],"version-history":[{"count":12,"href":"https:\/\/www.quintesence.cz\/index.php\/wp-json\/wp\/v2\/pages\/18143\/revisions"}],"predecessor-version":[{"id":18521,"href":"https:\/\/www.quintesence.cz\/index.php\/wp-json\/wp\/v2\/pages\/18143\/revisions\/18521"}],"wp:attachment":[{"href":"https:\/\/www.quintesence.cz\/index.php\/wp-json\/wp\/v2\/media?parent=18143"}],"curies":[{"name":"wp","href":"https:\/\/api.w.org\/{rel}","templated":true}]}}