{"id":18153,"date":"2018-05-31T07:53:58","date_gmt":"2018-05-31T06:53:58","guid":{"rendered":"http:\/\/www.quintesence.cz\/?page_id=18153"},"modified":"2025-10-25T16:47:00","modified_gmt":"2025-10-25T15:47:00","slug":"vpois","status":"publish","type":"page","link":"https:\/\/www.quintesence.cz\/index.php\/vpois\/","title":{"rendered":"Ve\u0159ejn\u011b p\u0159\u00edstupn\u00e1 odborn\u00e1 informa\u010dn\u00ed slu\u017eba"},"content":{"rendered":"<p>[vc_row css_animation=&#8221;&#8221; row_type=&#8221;row&#8221; use_row_as_full_screen_section=&#8221;no&#8221; type=&#8221;grid&#8221; angled_section=&#8221;no&#8221; text_align=&#8221;center&#8221; background_image_as_pattern=&#8221;without_pattern&#8221; padding_top=&#8221;113&#8243; padding_bottom=&#8221;64&#8243; z_index=&#8221;&#8221; css=&#8221;.vc_custom_1517923729372{background-color: #ffffff !important;}&#8221;][vc_column width=&#8221;5\/6&#8243; offset=&#8221;vc_col-md-10 vc_col-sm-offset-1&#8243;][vc_column_text]<\/p>\n<h1 style=\"text-align: left;\">Ve\u0159ejn\u011b p\u0159\u00edstupn\u00e1 odborn\u00e1 informa\u010dn\u00ed slu\u017eba<\/h1>\n<p>[\/vc_column_text][vc_empty_space height=&#8221;28px&#8221;][vc_column_text]<\/p>\n<h4 style=\"text-align: left;\">V\u00e1\u017een\u00ed z\u00e1jemci o l\u00e9\u010div\u00e9 p\u0159\u00edpravky spole\u010dnosti Quintesence s.r.o., d\u011bkujeme V\u00e1m za z\u00e1jem o z\u00edsk\u00e1n\u00ed informac\u00ed o na\u0161ich l\u00e9\u010div\u00fdch p\u0159\u00edpravc\u00edch.<\/h4>\n<p>[\/vc_column_text][vc_empty_space height=&#8221;28px&#8221;][vc_column_text]<\/p>\n<p style=\"text-align: left;\"><span style=\"color: #000000;\">Na t\u00e9to str\u00e1nce naleznete informace ve form\u011b P\u0159\u00edbalov\u00e9 informace ur\u010den\u00e9 p\u0159\u00edm\u00fdm u\u017eivatel\u016fm, tedy laick\u00e9 ve\u0159ejnosti. \u2028Uveden\u00e9 \u00fadaje nejsou n\u00e1vodem k prevenci \u010di terapii chorobn\u00fdch stav\u016f, ale pouze r\u00e1mcovou informac\u00ed o na\u0161ich l\u00e9\u010div\u00fdch p\u0159\u00edpravc\u00edch.<\/span><\/p>\n<p style=\"text-align: left;\"><span style=\"color: #000000;\">Podrobn\u011bj\u0161\u00ed informace o jednotliv\u00fdch l\u00e9\u010div\u00fdch p\u0159\u00edpravc\u00edch pro z\u00e1jemce zejm\u00e9na z \u0159ad zdravotnick\u00fdch pracovn\u00edk\u016f, l\u00e9ka\u0159\u016f a l\u00e9k\u00e1rn\u00edk\u016f,\u2028naleznete v Souhrnu \u00fadaj\u016f o p\u0159\u00edpravc\u00edch na str\u00e1nk\u00e1ch <a style=\"color: #000000;\" href=\"http:\/\/www.sukl.cz\/modules\/medication\/search.php\" target=\"_blank\" rel=\"noopener\">S\u00daKL<\/a> \u010di v\u010detn\u011b \u00fahrad na str\u00e1nk\u00e1ch <a style=\"color: #000000;\" href=\"http:\/\/www.mzcr.cz\/leky.aspx\" target=\"_blank\" rel=\"noopener\">Ministerstva zdravotnictv\u00ed<\/a>\u2028.<\/span><\/p>\n<p style=\"text-align: left;\"><span style=\"color: #000000;\">V p\u0159\u00edpad\u011b dotaz\u016f \u010di p\u0159ipom\u00ednek ohledn\u011b na\u0161ich l\u00e9\u010div\u00fdch p\u0159\u00edpravk\u016f m\u016f\u017eete vyu\u017e\u00edt n\u00e1sleduj\u00edc\u00ed kontakty: <\/span><br \/>\n<span style=\"color: #000000;\">telefon: +420 <strong>606 499 073<\/strong><\/span><\/p>\n<p style=\"text-align: left;\"><span style=\"color: #000000;\">e-mail: <a style=\"color: #000000;\" href=\"mailto:ganev@quintesence.cz\">ganev@quintesence.cz <\/a><\/span><\/p>\n<p>[\/vc_column_text][vc_empty_space height=&#8221;28px&#8221;][vc_column_text]<\/p>\n<p style=\"text-align: left;\"><span style=\"color: #000000;\"><strong>Jenamazol\u00ae 20mg\/g\u00a0<\/strong> <a href=\"http:\/\/www.quintesence.cz\/wp-content\/uploads\/2025\/10\/priloha_dlp-3_251024_182254.pdf\" target=\"_blank\" rel=\"noopener\">P\u0159\u00edbalov\u00e1 informace a souhrn \u00fadaj\u016f o p\u0159\u00edpravku<\/a><\/span><\/p>\n<hr \/>\n<p style=\"text-align: left;\"><span style=\"color: #000000;\"><strong>Panthenol Quintesence 100mg<\/strong> <a href=\"http:\/\/www.quintesence.cz\/wp-content\/uploads\/2025\/10\/priloha_dlp-4_251024_182134.pdf\" target=\"_blank\" rel=\"noopener\">P\u0159\u00edbalov\u00e1 informace a souhrn \u00fadaj\u016f o p\u0159\u00edpravku<\/a><\/span><\/p>\n<hr \/>\n<p style=\"text-align: left;\"><span style=\"color: #000000;\"><strong>Hydrocortisone Quintesence<\/strong> <a href=\"http:\/\/www.quintesence.cz\/wp-content\/uploads\/2025\/10\/priloha_dlp-5_251024_182221.pdf\" target=\"_blank\" rel=\"noopener\">P\u0159\u00edbalov\u00e1 informace a souhrn \u00fadaj\u016f o p\u0159\u00edpravku<\/a><\/span><\/p>\n<p>[\/vc_column_text][vc_empty_space height=&#8221;28px&#8221;]<a  itemprop=\"url\" href=\"http:\/\/www.quintesence.cz\/\" target=\"_self\"  class=\"qbutton  left enlarge\" style=\"\">zp\u011bt<i class=\"qode_icon_font_awesome fa fa-arrow-left qode_button_icon_element\" style=\"\" ><\/i><\/a>[\/vc_column][\/vc_row]<\/p>\n","protected":false},"excerpt":{"rendered":"<p>[vc_row css_animation=&#8221;&#8221; row_type=&#8221;row&#8221; use_row_as_full_screen_section=&#8221;no&#8221; type=&#8221;grid&#8221; angled_section=&#8221;no&#8221; text_align=&#8221;center&#8221; background_image_as_pattern=&#8221;without_pattern&#8221; padding_top=&#8221;113&#8243; padding_bottom=&#8221;64&#8243; z_index=&#8221;&#8221; css=&#8221;.vc_custom_1517923729372{background-color: #ffffff !important;}&#8221;][vc_column width=&#8221;5\/6&#8243; offset=&#8221;vc_col-md-10 vc_col-sm-offset-1&#8243;][vc_column_text] Ve\u0159ejn\u011b p\u0159\u00edstupn\u00e1 odborn\u00e1 informa\u010dn\u00ed slu\u017eba [\/vc_column_text][vc_empty_space height=&#8221;28px&#8221;][vc_column_text] V\u00e1\u017een\u00ed z\u00e1jemci o l\u00e9\u010div\u00e9 p\u0159\u00edpravky spole\u010dnosti Quintesence s.r.o., d\u011bkujeme V\u00e1m za z\u00e1jem o z\u00edsk\u00e1n\u00ed informac\u00ed o na\u0161ich l\u00e9\u010div\u00fdch p\u0159\u00edpravc\u00edch. [\/vc_column_text][vc_empty_space height=&#8221;28px&#8221;][vc_column_text]&#8230;<\/p>\n","protected":false},"author":1,"featured_media":0,"parent":0,"menu_order":0,"comment_status":"closed","ping_status":"closed","template":"full_width.php","meta":{"footnotes":""},"class_list":["post-18153","page","type-page","status-publish","hentry"],"yoast_head":"<!-- This site is optimized with the Yoast SEO plugin v26.7 - https:\/\/yoast.com\/wordpress\/plugins\/seo\/ -->\n<title>Ve\u0159ejn\u011b p\u0159\u00edstupn\u00e1 odborn\u00e1 informa\u010dn\u00ed slu\u017eba | quintesence.cz<\/title>\n<meta name=\"robots\" content=\"index, follow, max-snippet:-1, max-image-preview:large, max-video-preview:-1\" \/>\n<link rel=\"canonical\" href=\"https:\/\/www.quintesence.cz\/index.php\/vpois\/\" \/>\n<meta property=\"og:locale\" content=\"en_US\" \/>\n<meta property=\"og:type\" content=\"article\" \/>\n<meta property=\"og:title\" content=\"Ve\u0159ejn\u011b p\u0159\u00edstupn\u00e1 odborn\u00e1 informa\u010dn\u00ed slu\u017eba | quintesence.cz\" \/>\n<meta property=\"og:description\" content=\"[vc_row css_animation=&#8221;&#8221; row_type=&#8221;row&#8221; use_row_as_full_screen_section=&#8221;no&#8221; type=&#8221;grid&#8221; angled_section=&#8221;no&#8221; text_align=&#8221;center&#8221; background_image_as_pattern=&#8221;without_pattern&#8221; padding_top=&#8221;113&#8243; padding_bottom=&#8221;64&#8243; z_index=&#8221;&#8221; css=&#8221;.vc_custom_1517923729372{background-color: #ffffff !important;}&#8221;][vc_column width=&#8221;5\/6&#8243; offset=&#8221;vc_col-md-10 vc_col-sm-offset-1&#8243;][vc_column_text] Ve\u0159ejn\u011b p\u0159\u00edstupn\u00e1 odborn\u00e1 informa\u010dn\u00ed slu\u017eba [\/vc_column_text][vc_empty_space height=&#8221;28px&#8221;][vc_column_text] V\u00e1\u017een\u00ed z\u00e1jemci o l\u00e9\u010div\u00e9 p\u0159\u00edpravky spole\u010dnosti Quintesence s.r.o., d\u011bkujeme V\u00e1m za z\u00e1jem o z\u00edsk\u00e1n\u00ed informac\u00ed o na\u0161ich l\u00e9\u010div\u00fdch p\u0159\u00edpravc\u00edch. [\/vc_column_text][vc_empty_space height=&#8221;28px&#8221;][vc_column_text]...\" \/>\n<meta property=\"og:url\" content=\"https:\/\/www.quintesence.cz\/index.php\/vpois\/\" \/>\n<meta property=\"og:site_name\" content=\"quintesence.cz\" \/>\n<meta property=\"article:publisher\" content=\"https:\/\/www.facebook.com\/quintesence.ad\" \/>\n<meta property=\"article:modified_time\" content=\"2025-10-25T15:47:00+00:00\" \/>\n<meta name=\"twitter:card\" content=\"summary_large_image\" \/>\n<meta name=\"twitter:label1\" content=\"Est. reading time\" \/>\n\t<meta name=\"twitter:data1\" content=\"2 minutes\" \/>\n<script type=\"application\/ld+json\" class=\"yoast-schema-graph\">{\"@context\":\"https:\/\/schema.org\",\"@graph\":[{\"@type\":\"WebPage\",\"@id\":\"https:\/\/www.quintesence.cz\/index.php\/vpois\/\",\"url\":\"https:\/\/www.quintesence.cz\/index.php\/vpois\/\",\"name\":\"Ve\u0159ejn\u011b p\u0159\u00edstupn\u00e1 odborn\u00e1 informa\u010dn\u00ed slu\u017eba | quintesence.cz\",\"isPartOf\":{\"@id\":\"https:\/\/www.quintesence.cz\/#website\"},\"datePublished\":\"2018-05-31T06:53:58+00:00\",\"dateModified\":\"2025-10-25T15:47:00+00:00\",\"breadcrumb\":{\"@id\":\"https:\/\/www.quintesence.cz\/index.php\/vpois\/#breadcrumb\"},\"inLanguage\":\"en-US\",\"potentialAction\":[{\"@type\":\"ReadAction\",\"target\":[\"https:\/\/www.quintesence.cz\/index.php\/vpois\/\"]}]},{\"@type\":\"BreadcrumbList\",\"@id\":\"https:\/\/www.quintesence.cz\/index.php\/vpois\/#breadcrumb\",\"itemListElement\":[{\"@type\":\"ListItem\",\"position\":1,\"name\":\"Home\",\"item\":\"https:\/\/www.quintesence.cz\/\"},{\"@type\":\"ListItem\",\"position\":2,\"name\":\"Ve\u0159ejn\u011b p\u0159\u00edstupn\u00e1 odborn\u00e1 informa\u010dn\u00ed slu\u017eba\"}]},{\"@type\":\"WebSite\",\"@id\":\"https:\/\/www.quintesence.cz\/#website\",\"url\":\"https:\/\/www.quintesence.cz\/\",\"name\":\"quintesence.cz\",\"description\":\"Enhancing quality of life\",\"publisher\":{\"@id\":\"https:\/\/www.quintesence.cz\/#organization\"},\"potentialAction\":[{\"@type\":\"SearchAction\",\"target\":{\"@type\":\"EntryPoint\",\"urlTemplate\":\"https:\/\/www.quintesence.cz\/?s={search_term_string}\"},\"query-input\":{\"@type\":\"PropertyValueSpecification\",\"valueRequired\":true,\"valueName\":\"search_term_string\"}}],\"inLanguage\":\"en-US\"},{\"@type\":\"Organization\",\"@id\":\"https:\/\/www.quintesence.cz\/#organization\",\"name\":\"Quintesence\",\"url\":\"https:\/\/www.quintesence.cz\/\",\"logo\":{\"@type\":\"ImageObject\",\"inLanguage\":\"en-US\",\"@id\":\"https:\/\/www.quintesence.cz\/#\/schema\/logo\/image\/\",\"url\":\"https:\/\/www.quintesence.cz\/wp-content\/uploads\/2018\/06\/LogoHome_Purple.png\",\"contentUrl\":\"https:\/\/www.quintesence.cz\/wp-content\/uploads\/2018\/06\/LogoHome_Purple.png\",\"width\":146,\"height\":51,\"caption\":\"Quintesence\"},\"image\":{\"@id\":\"https:\/\/www.quintesence.cz\/#\/schema\/logo\/image\/\"},\"sameAs\":[\"https:\/\/www.facebook.com\/quintesence.ad\"]}]}<\/script>\n<!-- \/ Yoast SEO plugin. -->","yoast_head_json":{"title":"Ve\u0159ejn\u011b p\u0159\u00edstupn\u00e1 odborn\u00e1 informa\u010dn\u00ed slu\u017eba | quintesence.cz","robots":{"index":"index","follow":"follow","max-snippet":"max-snippet:-1","max-image-preview":"max-image-preview:large","max-video-preview":"max-video-preview:-1"},"canonical":"https:\/\/www.quintesence.cz\/index.php\/vpois\/","og_locale":"en_US","og_type":"article","og_title":"Ve\u0159ejn\u011b p\u0159\u00edstupn\u00e1 odborn\u00e1 informa\u010dn\u00ed slu\u017eba | quintesence.cz","og_description":"[vc_row css_animation=&#8221;&#8221; row_type=&#8221;row&#8221; use_row_as_full_screen_section=&#8221;no&#8221; type=&#8221;grid&#8221; angled_section=&#8221;no&#8221; text_align=&#8221;center&#8221; background_image_as_pattern=&#8221;without_pattern&#8221; padding_top=&#8221;113&#8243; padding_bottom=&#8221;64&#8243; z_index=&#8221;&#8221; css=&#8221;.vc_custom_1517923729372{background-color: #ffffff !important;}&#8221;][vc_column width=&#8221;5\/6&#8243; offset=&#8221;vc_col-md-10 vc_col-sm-offset-1&#8243;][vc_column_text] Ve\u0159ejn\u011b p\u0159\u00edstupn\u00e1 odborn\u00e1 informa\u010dn\u00ed slu\u017eba [\/vc_column_text][vc_empty_space height=&#8221;28px&#8221;][vc_column_text] V\u00e1\u017een\u00ed z\u00e1jemci o l\u00e9\u010div\u00e9 p\u0159\u00edpravky spole\u010dnosti Quintesence s.r.o., d\u011bkujeme V\u00e1m za z\u00e1jem o z\u00edsk\u00e1n\u00ed informac\u00ed o na\u0161ich l\u00e9\u010div\u00fdch p\u0159\u00edpravc\u00edch. [\/vc_column_text][vc_empty_space height=&#8221;28px&#8221;][vc_column_text]...","og_url":"https:\/\/www.quintesence.cz\/index.php\/vpois\/","og_site_name":"quintesence.cz","article_publisher":"https:\/\/www.facebook.com\/quintesence.ad","article_modified_time":"2025-10-25T15:47:00+00:00","twitter_card":"summary_large_image","twitter_misc":{"Est. reading time":"2 minutes"},"schema":{"@context":"https:\/\/schema.org","@graph":[{"@type":"WebPage","@id":"https:\/\/www.quintesence.cz\/index.php\/vpois\/","url":"https:\/\/www.quintesence.cz\/index.php\/vpois\/","name":"Ve\u0159ejn\u011b p\u0159\u00edstupn\u00e1 odborn\u00e1 informa\u010dn\u00ed slu\u017eba | quintesence.cz","isPartOf":{"@id":"https:\/\/www.quintesence.cz\/#website"},"datePublished":"2018-05-31T06:53:58+00:00","dateModified":"2025-10-25T15:47:00+00:00","breadcrumb":{"@id":"https:\/\/www.quintesence.cz\/index.php\/vpois\/#breadcrumb"},"inLanguage":"en-US","potentialAction":[{"@type":"ReadAction","target":["https:\/\/www.quintesence.cz\/index.php\/vpois\/"]}]},{"@type":"BreadcrumbList","@id":"https:\/\/www.quintesence.cz\/index.php\/vpois\/#breadcrumb","itemListElement":[{"@type":"ListItem","position":1,"name":"Home","item":"https:\/\/www.quintesence.cz\/"},{"@type":"ListItem","position":2,"name":"Ve\u0159ejn\u011b p\u0159\u00edstupn\u00e1 odborn\u00e1 informa\u010dn\u00ed slu\u017eba"}]},{"@type":"WebSite","@id":"https:\/\/www.quintesence.cz\/#website","url":"https:\/\/www.quintesence.cz\/","name":"quintesence.cz","description":"Enhancing quality of life","publisher":{"@id":"https:\/\/www.quintesence.cz\/#organization"},"potentialAction":[{"@type":"SearchAction","target":{"@type":"EntryPoint","urlTemplate":"https:\/\/www.quintesence.cz\/?s={search_term_string}"},"query-input":{"@type":"PropertyValueSpecification","valueRequired":true,"valueName":"search_term_string"}}],"inLanguage":"en-US"},{"@type":"Organization","@id":"https:\/\/www.quintesence.cz\/#organization","name":"Quintesence","url":"https:\/\/www.quintesence.cz\/","logo":{"@type":"ImageObject","inLanguage":"en-US","@id":"https:\/\/www.quintesence.cz\/#\/schema\/logo\/image\/","url":"https:\/\/www.quintesence.cz\/wp-content\/uploads\/2018\/06\/LogoHome_Purple.png","contentUrl":"https:\/\/www.quintesence.cz\/wp-content\/uploads\/2018\/06\/LogoHome_Purple.png","width":146,"height":51,"caption":"Quintesence"},"image":{"@id":"https:\/\/www.quintesence.cz\/#\/schema\/logo\/image\/"},"sameAs":["https:\/\/www.facebook.com\/quintesence.ad"]}]}},"_links":{"self":[{"href":"https:\/\/www.quintesence.cz\/index.php\/wp-json\/wp\/v2\/pages\/18153","targetHints":{"allow":["GET"]}}],"collection":[{"href":"https:\/\/www.quintesence.cz\/index.php\/wp-json\/wp\/v2\/pages"}],"about":[{"href":"https:\/\/www.quintesence.cz\/index.php\/wp-json\/wp\/v2\/types\/page"}],"author":[{"embeddable":true,"href":"https:\/\/www.quintesence.cz\/index.php\/wp-json\/wp\/v2\/users\/1"}],"replies":[{"embeddable":true,"href":"https:\/\/www.quintesence.cz\/index.php\/wp-json\/wp\/v2\/comments?post=18153"}],"version-history":[{"count":13,"href":"https:\/\/www.quintesence.cz\/index.php\/wp-json\/wp\/v2\/pages\/18153\/revisions"}],"predecessor-version":[{"id":18567,"href":"https:\/\/www.quintesence.cz\/index.php\/wp-json\/wp\/v2\/pages\/18153\/revisions\/18567"}],"wp:attachment":[{"href":"https:\/\/www.quintesence.cz\/index.php\/wp-json\/wp\/v2\/media?parent=18153"}],"curies":[{"name":"wp","href":"https:\/\/api.w.org\/{rel}","templated":true}]}}