{"id":18161,"date":"2018-05-31T08:10:15","date_gmt":"2018-05-31T07:10:15","guid":{"rendered":"http:\/\/www.quintesence.cz\/?page_id=18161"},"modified":"2018-06-05T05:55:34","modified_gmt":"2018-06-05T04:55:34","slug":"nevidome-slabozrake","status":"publish","type":"page","link":"https:\/\/www.quintesence.cz\/index.php\/nevidome-slabozrake\/","title":{"rendered":"Informace pro nevidom\u00e9 a slabozrak\u00e9"},"content":{"rendered":"<p>[vc_row css_animation=&#8221;&#8221; row_type=&#8221;row&#8221; use_row_as_full_screen_section=&#8221;no&#8221; type=&#8221;grid&#8221; angled_section=&#8221;no&#8221; text_align=&#8221;center&#8221; background_image_as_pattern=&#8221;without_pattern&#8221; padding_top=&#8221;113&#8243; padding_bottom=&#8221;64&#8243; z_index=&#8221;&#8221; css=&#8221;.vc_custom_1517923729372{background-color: #ffffff !important;}&#8221;][vc_column width=&#8221;5\/6&#8243; offset=&#8221;vc_col-md-10 vc_col-sm-offset-1&#8243;][vc_column_text]<\/p>\n<h1 style=\"text-align: left;\">Informace pro nevidom\u00e9 a slabozrak\u00e9<\/h1>\n<p>[\/vc_column_text][vc_empty_space height=&#8221;28px&#8221;][vc_column_text]<\/p>\n<p style=\"text-align: left;\"><strong><span style=\"color: #000000;\">Dle \u00a7 37 odst. 3 z\u00e1kona m\u00e1 spole\u010dnost Quintesence zaji\u0161t\u011bno zp\u0159\u00edstupn\u011bn\u00ed p\u0159\u00edbalov\u00fdch informac\u00ed l\u00e9\u010div\u00fdch p\u0159\u00edpravk\u016f ve spolupr\u00e1ci s organizac\u00ed nevidom\u00fdch a slabozrak\u00fdch &#8211; Sjednocen\u00e9 organizace nevidom\u00fdch a slabozrak\u00fdch \u010cR (SONS) ve form\u00e1tu p\u0159\u00edstupn\u00e9m nevidom\u00fdm a slabozrak\u00fdm ob\u010dan\u016fm prost\u0159ednictv\u00edm:<\/span><\/strong><\/p>\n<p>[\/vc_column_text][vc_empty_space height=&#8221;20px&#8221;][vc_column_text]<\/p>\n<p style=\"text-align: left;\"><span style=\"color: #000000;\">bezplatn\u00e9 zelen\u00e9 linky Call centra (d\u00e1le jen TYFLOLINKY), a to podle konkr\u00e9tn\u00edho po\u017eadavku nevidom\u00e9ho nebo slabozrak\u00e9ho kontaktuj\u00edc\u00edho TYFLOLINKU jedn\u00edm z n\u00e1sleduj\u00edc\u00edch zp\u016fsob\u016f:<\/span><br \/>\n<span style=\"color: #000000;\">audionahr\u00e1vkou na\u010dtenou hlasovou synt\u00e9zou a reprodukovanou telefonicky<\/span><\/p>\n<p style=\"text-align: left;\"><span style=\"color: #000000;\">elektronicky (e-mailem) v digit\u00e1ln\u00ed podob\u011b ve form\u00e1tu TXT (prost\u00fd text)<\/span><\/p>\n<p style=\"text-align: left;\"><span style=\"color: #000000;\">poskytnut\u00edm textu v\u011bt\u0161\u00edm kontrastn\u00edm p\u00edsmem dle individu\u00e1ln\u00edho po\u017eadavku u\u017eivatele TYFLOLINKY, nejv\u00fd\u0161e v\u0161ak do velikosti 18 bod\u016f<\/span><\/p>\n<p style=\"text-align: left;\"><span style=\"color: #000000;\">TYFLOLINKA +420 221 462 412, zp\u0159\u00edstupn\u011bn\u00ed PIL jak\u00fdmkoliv z v\u00fd\u0161e uveden\u00fdch zp\u016fsob\u016f je poskytov\u00e1no zdarma.<\/span><\/p>\n<p>[\/vc_column_text][vc_empty_space height=&#8221;20px&#8221;]<a  itemprop=\"url\" href=\"http:\/\/www.quintesence.cz\" target=\"_self\"  class=\"qbutton  left enlarge\" style=\"\">zp\u011bt<i class=\"qode_icon_font_awesome fa fa-arrow-left qode_button_icon_element\" style=\"\" ><\/i><\/a>[\/vc_column][\/vc_row]<\/p>\n","protected":false},"excerpt":{"rendered":"<p>[vc_row css_animation=&#8221;&#8221; row_type=&#8221;row&#8221; use_row_as_full_screen_section=&#8221;no&#8221; type=&#8221;grid&#8221; angled_section=&#8221;no&#8221; text_align=&#8221;center&#8221; background_image_as_pattern=&#8221;without_pattern&#8221; padding_top=&#8221;113&#8243; padding_bottom=&#8221;64&#8243; z_index=&#8221;&#8221; css=&#8221;.vc_custom_1517923729372{background-color: #ffffff !important;}&#8221;][vc_column width=&#8221;5\/6&#8243; offset=&#8221;vc_col-md-10 vc_col-sm-offset-1&#8243;][vc_column_text] Informace pro nevidom\u00e9 a slabozrak\u00e9 [\/vc_column_text][vc_empty_space height=&#8221;28px&#8221;][vc_column_text] Dle \u00a7 37 odst. 3 z\u00e1kona m\u00e1 spole\u010dnost Quintesence zaji\u0161t\u011bno zp\u0159\u00edstupn\u011bn\u00ed p\u0159\u00edbalov\u00fdch informac\u00ed l\u00e9\u010div\u00fdch p\u0159\u00edpravk\u016f ve spolupr\u00e1ci s organizac\u00ed nevidom\u00fdch a&#8230;<\/p>\n","protected":false},"author":1,"featured_media":0,"parent":0,"menu_order":0,"comment_status":"closed","ping_status":"closed","template":"full_width.php","meta":{"footnotes":""},"class_list":["post-18161","page","type-page","status-publish","hentry"],"yoast_head":"<!-- This site is optimized with the Yoast SEO plugin v26.7 - https:\/\/yoast.com\/wordpress\/plugins\/seo\/ -->\n<title>Informace pro nevidom\u00e9 a slabozrak\u00e9 | quintesence.cz<\/title>\n<meta name=\"robots\" content=\"index, follow, max-snippet:-1, max-image-preview:large, max-video-preview:-1\" \/>\n<link rel=\"canonical\" href=\"https:\/\/www.quintesence.cz\/index.php\/nevidome-slabozrake\/\" \/>\n<meta property=\"og:locale\" content=\"en_US\" \/>\n<meta property=\"og:type\" content=\"article\" \/>\n<meta property=\"og:title\" content=\"Informace pro nevidom\u00e9 a slabozrak\u00e9 | quintesence.cz\" \/>\n<meta property=\"og:description\" content=\"[vc_row css_animation=&#8221;&#8221; row_type=&#8221;row&#8221; use_row_as_full_screen_section=&#8221;no&#8221; type=&#8221;grid&#8221; angled_section=&#8221;no&#8221; text_align=&#8221;center&#8221; background_image_as_pattern=&#8221;without_pattern&#8221; padding_top=&#8221;113&#8243; padding_bottom=&#8221;64&#8243; z_index=&#8221;&#8221; css=&#8221;.vc_custom_1517923729372{background-color: #ffffff !important;}&#8221;][vc_column width=&#8221;5\/6&#8243; offset=&#8221;vc_col-md-10 vc_col-sm-offset-1&#8243;][vc_column_text] Informace pro nevidom\u00e9 a slabozrak\u00e9 [\/vc_column_text][vc_empty_space height=&#8221;28px&#8221;][vc_column_text] Dle \u00a7 37 odst. 3 z\u00e1kona m\u00e1 spole\u010dnost Quintesence zaji\u0161t\u011bno zp\u0159\u00edstupn\u011bn\u00ed p\u0159\u00edbalov\u00fdch informac\u00ed l\u00e9\u010div\u00fdch p\u0159\u00edpravk\u016f ve spolupr\u00e1ci s organizac\u00ed nevidom\u00fdch a...\" \/>\n<meta property=\"og:url\" content=\"https:\/\/www.quintesence.cz\/index.php\/nevidome-slabozrake\/\" \/>\n<meta property=\"og:site_name\" content=\"quintesence.cz\" \/>\n<meta property=\"article:publisher\" content=\"https:\/\/www.facebook.com\/quintesence.ad\" \/>\n<meta property=\"article:modified_time\" content=\"2018-06-05T04:55:34+00:00\" \/>\n<meta name=\"twitter:card\" content=\"summary_large_image\" \/>\n<meta name=\"twitter:label1\" content=\"Est. reading time\" \/>\n\t<meta name=\"twitter:data1\" content=\"1 minute\" \/>\n<script type=\"application\/ld+json\" class=\"yoast-schema-graph\">{\"@context\":\"https:\/\/schema.org\",\"@graph\":[{\"@type\":\"WebPage\",\"@id\":\"https:\/\/www.quintesence.cz\/index.php\/nevidome-slabozrake\/\",\"url\":\"https:\/\/www.quintesence.cz\/index.php\/nevidome-slabozrake\/\",\"name\":\"Informace pro nevidom\u00e9 a slabozrak\u00e9 | quintesence.cz\",\"isPartOf\":{\"@id\":\"https:\/\/www.quintesence.cz\/#website\"},\"datePublished\":\"2018-05-31T07:10:15+00:00\",\"dateModified\":\"2018-06-05T04:55:34+00:00\",\"breadcrumb\":{\"@id\":\"https:\/\/www.quintesence.cz\/index.php\/nevidome-slabozrake\/#breadcrumb\"},\"inLanguage\":\"en-US\",\"potentialAction\":[{\"@type\":\"ReadAction\",\"target\":[\"https:\/\/www.quintesence.cz\/index.php\/nevidome-slabozrake\/\"]}]},{\"@type\":\"BreadcrumbList\",\"@id\":\"https:\/\/www.quintesence.cz\/index.php\/nevidome-slabozrake\/#breadcrumb\",\"itemListElement\":[{\"@type\":\"ListItem\",\"position\":1,\"name\":\"Home\",\"item\":\"https:\/\/www.quintesence.cz\/\"},{\"@type\":\"ListItem\",\"position\":2,\"name\":\"Informace pro nevidom\u00e9 a slabozrak\u00e9\"}]},{\"@type\":\"WebSite\",\"@id\":\"https:\/\/www.quintesence.cz\/#website\",\"url\":\"https:\/\/www.quintesence.cz\/\",\"name\":\"quintesence.cz\",\"description\":\"Enhancing quality of life\",\"publisher\":{\"@id\":\"https:\/\/www.quintesence.cz\/#organization\"},\"potentialAction\":[{\"@type\":\"SearchAction\",\"target\":{\"@type\":\"EntryPoint\",\"urlTemplate\":\"https:\/\/www.quintesence.cz\/?s={search_term_string}\"},\"query-input\":{\"@type\":\"PropertyValueSpecification\",\"valueRequired\":true,\"valueName\":\"search_term_string\"}}],\"inLanguage\":\"en-US\"},{\"@type\":\"Organization\",\"@id\":\"https:\/\/www.quintesence.cz\/#organization\",\"name\":\"Quintesence\",\"url\":\"https:\/\/www.quintesence.cz\/\",\"logo\":{\"@type\":\"ImageObject\",\"inLanguage\":\"en-US\",\"@id\":\"https:\/\/www.quintesence.cz\/#\/schema\/logo\/image\/\",\"url\":\"https:\/\/www.quintesence.cz\/wp-content\/uploads\/2018\/06\/LogoHome_Purple.png\",\"contentUrl\":\"https:\/\/www.quintesence.cz\/wp-content\/uploads\/2018\/06\/LogoHome_Purple.png\",\"width\":146,\"height\":51,\"caption\":\"Quintesence\"},\"image\":{\"@id\":\"https:\/\/www.quintesence.cz\/#\/schema\/logo\/image\/\"},\"sameAs\":[\"https:\/\/www.facebook.com\/quintesence.ad\"]}]}<\/script>\n<!-- \/ Yoast SEO plugin. -->","yoast_head_json":{"title":"Informace pro nevidom\u00e9 a slabozrak\u00e9 | quintesence.cz","robots":{"index":"index","follow":"follow","max-snippet":"max-snippet:-1","max-image-preview":"max-image-preview:large","max-video-preview":"max-video-preview:-1"},"canonical":"https:\/\/www.quintesence.cz\/index.php\/nevidome-slabozrake\/","og_locale":"en_US","og_type":"article","og_title":"Informace pro nevidom\u00e9 a slabozrak\u00e9 | quintesence.cz","og_description":"[vc_row css_animation=&#8221;&#8221; row_type=&#8221;row&#8221; use_row_as_full_screen_section=&#8221;no&#8221; type=&#8221;grid&#8221; angled_section=&#8221;no&#8221; text_align=&#8221;center&#8221; background_image_as_pattern=&#8221;without_pattern&#8221; padding_top=&#8221;113&#8243; padding_bottom=&#8221;64&#8243; z_index=&#8221;&#8221; css=&#8221;.vc_custom_1517923729372{background-color: #ffffff !important;}&#8221;][vc_column width=&#8221;5\/6&#8243; offset=&#8221;vc_col-md-10 vc_col-sm-offset-1&#8243;][vc_column_text] Informace pro nevidom\u00e9 a slabozrak\u00e9 [\/vc_column_text][vc_empty_space height=&#8221;28px&#8221;][vc_column_text] Dle \u00a7 37 odst. 3 z\u00e1kona m\u00e1 spole\u010dnost Quintesence zaji\u0161t\u011bno zp\u0159\u00edstupn\u011bn\u00ed p\u0159\u00edbalov\u00fdch informac\u00ed l\u00e9\u010div\u00fdch p\u0159\u00edpravk\u016f ve spolupr\u00e1ci s organizac\u00ed nevidom\u00fdch a...","og_url":"https:\/\/www.quintesence.cz\/index.php\/nevidome-slabozrake\/","og_site_name":"quintesence.cz","article_publisher":"https:\/\/www.facebook.com\/quintesence.ad","article_modified_time":"2018-06-05T04:55:34+00:00","twitter_card":"summary_large_image","twitter_misc":{"Est. reading time":"1 minute"},"schema":{"@context":"https:\/\/schema.org","@graph":[{"@type":"WebPage","@id":"https:\/\/www.quintesence.cz\/index.php\/nevidome-slabozrake\/","url":"https:\/\/www.quintesence.cz\/index.php\/nevidome-slabozrake\/","name":"Informace pro nevidom\u00e9 a slabozrak\u00e9 | quintesence.cz","isPartOf":{"@id":"https:\/\/www.quintesence.cz\/#website"},"datePublished":"2018-05-31T07:10:15+00:00","dateModified":"2018-06-05T04:55:34+00:00","breadcrumb":{"@id":"https:\/\/www.quintesence.cz\/index.php\/nevidome-slabozrake\/#breadcrumb"},"inLanguage":"en-US","potentialAction":[{"@type":"ReadAction","target":["https:\/\/www.quintesence.cz\/index.php\/nevidome-slabozrake\/"]}]},{"@type":"BreadcrumbList","@id":"https:\/\/www.quintesence.cz\/index.php\/nevidome-slabozrake\/#breadcrumb","itemListElement":[{"@type":"ListItem","position":1,"name":"Home","item":"https:\/\/www.quintesence.cz\/"},{"@type":"ListItem","position":2,"name":"Informace pro nevidom\u00e9 a slabozrak\u00e9"}]},{"@type":"WebSite","@id":"https:\/\/www.quintesence.cz\/#website","url":"https:\/\/www.quintesence.cz\/","name":"quintesence.cz","description":"Enhancing quality of life","publisher":{"@id":"https:\/\/www.quintesence.cz\/#organization"},"potentialAction":[{"@type":"SearchAction","target":{"@type":"EntryPoint","urlTemplate":"https:\/\/www.quintesence.cz\/?s={search_term_string}"},"query-input":{"@type":"PropertyValueSpecification","valueRequired":true,"valueName":"search_term_string"}}],"inLanguage":"en-US"},{"@type":"Organization","@id":"https:\/\/www.quintesence.cz\/#organization","name":"Quintesence","url":"https:\/\/www.quintesence.cz\/","logo":{"@type":"ImageObject","inLanguage":"en-US","@id":"https:\/\/www.quintesence.cz\/#\/schema\/logo\/image\/","url":"https:\/\/www.quintesence.cz\/wp-content\/uploads\/2018\/06\/LogoHome_Purple.png","contentUrl":"https:\/\/www.quintesence.cz\/wp-content\/uploads\/2018\/06\/LogoHome_Purple.png","width":146,"height":51,"caption":"Quintesence"},"image":{"@id":"https:\/\/www.quintesence.cz\/#\/schema\/logo\/image\/"},"sameAs":["https:\/\/www.facebook.com\/quintesence.ad"]}]}},"_links":{"self":[{"href":"https:\/\/www.quintesence.cz\/index.php\/wp-json\/wp\/v2\/pages\/18161","targetHints":{"allow":["GET"]}}],"collection":[{"href":"https:\/\/www.quintesence.cz\/index.php\/wp-json\/wp\/v2\/pages"}],"about":[{"href":"https:\/\/www.quintesence.cz\/index.php\/wp-json\/wp\/v2\/types\/page"}],"author":[{"embeddable":true,"href":"https:\/\/www.quintesence.cz\/index.php\/wp-json\/wp\/v2\/users\/1"}],"replies":[{"embeddable":true,"href":"https:\/\/www.quintesence.cz\/index.php\/wp-json\/wp\/v2\/comments?post=18161"}],"version-history":[{"count":6,"href":"https:\/\/www.quintesence.cz\/index.php\/wp-json\/wp\/v2\/pages\/18161\/revisions"}],"predecessor-version":[{"id":18376,"href":"https:\/\/www.quintesence.cz\/index.php\/wp-json\/wp\/v2\/pages\/18161\/revisions\/18376"}],"wp:attachment":[{"href":"https:\/\/www.quintesence.cz\/index.php\/wp-json\/wp\/v2\/media?parent=18161"}],"curies":[{"name":"wp","href":"https:\/\/api.w.org\/{rel}","templated":true}]}}