{"id":18179,"date":"2018-05-31T08:42:16","date_gmt":"2018-05-31T07:42:16","guid":{"rendered":"http:\/\/www.quintesence.cz\/?page_id=18179"},"modified":"2023-04-10T07:01:16","modified_gmt":"2023-04-10T06:01:16","slug":"jenamazol","status":"publish","type":"page","link":"https:\/\/www.quintesence.cz\/index.php\/jenamazol\/","title":{"rendered":"Jenamazol"},"content":{"rendered":"<p>[vc_row css_animation=&#8221;&#8221; row_type=&#8221;row&#8221; use_row_as_full_screen_section=&#8221;no&#8221; type=&#8221;grid&#8221; angled_section=&#8221;no&#8221; text_align=&#8221;center&#8221; background_image_as_pattern=&#8221;without_pattern&#8221; padding_top=&#8221;100&#8243; padding_bottom=&#8221;60&#8243; z_index=&#8221;&#8221; css=&#8221;.vc_custom_1528093837140{background-color: #ffffff !important;}&#8221; el_class=&#8221;extra&#8221;][vc_column width=&#8221;3\/4&#8243; offset=&#8221;vc_col-lg-offset-0 vc_col-lg-9 vc_col-md-offset-0 vc_col-md-8&#8243;][vc_column_text]<\/p>\n<h1 style=\"text-align: left;\">Jenamazol \u00ae 20mg\/g<\/h1>\n<p>[\/vc_column_text][vc_empty_space height=&#8221;28px&#8221;][vc_column_text]<\/p>\n<h4 style=\"text-align: left;\">Rychl\u00e1 l\u00e9\u010dba po\u0161evn\u00edch z\u00e1n\u011bt\u016f zp\u016fsoben\u00fdch kvasinkovou infekc\u00ed (po\u0161evn\u00ed myk\u00f3za, vulvovagin\u00e1ln\u00ed kandid\u00f3za).<\/h4>\n<p>[\/vc_column_text][vc_empty_space height=&#8221;28px&#8221;][vc_column_text]<\/p>\n<p style=\"text-align: left;\">Tento l\u00e9k se p\u016fvodn\u011b vyr\u00e1b\u011bl na \u00fazem\u00ed N\u011bmeck\u00e9 spolkov\u00e9 republiky, v sou\u010dasn\u00e9 dob\u011b spole\u010dnost Quintesence p\u0159esunula v\u00fdrobu do \u010cesk\u00e9 republiky.<br \/>\nJenamazol pat\u0159\u00ed k obl\u00edben\u00fdm l\u00e9k\u016fm mezi \u010desk\u00fdmi l\u00e9ka\u0159i a pacienty. V \u010cesk\u00e9 republice je dod\u00e1v\u00e1n u\u017e od roku 1998. Koncem roku 2007 se stal na z\u00e1klad\u011b rozhodnut\u00ed S\u00daKLu voln\u011b prodejn\u00fdm l\u00e9kem.<\/p>\n<p style=\"text-align: left;\">V\u00edce informac\u00ed o Jenamazol \u00ae 20mg\/g: <a href=\"http:\/\/www.jenamazol.cz\" target=\"_blank\" rel=\"noopener\"> www.jenamazol.cz<\/a><\/p>\n<p>[\/vc_column_text][vc_empty_space height=&#8221;28px&#8221;][\/vc_column][vc_column width=&#8221;1\/4&#8243; offset=&#8221;vc_col-lg-offset-0 vc_col-lg-3 vc_col-md-offset-0 vc_col-md-4&#8243;][vc_single_image image=&#8221;18533&#8243; img_size=&#8221;medium&#8221; onclick=&#8221;zoom&#8221; qode_css_animation=&#8221;&#8221; qode_hover_animation=&#8221;zoom_in&#8221;][\/vc_column][\/vc_row]<\/p>\n","protected":false},"excerpt":{"rendered":"<p>[vc_row css_animation=&#8221;&#8221; row_type=&#8221;row&#8221; use_row_as_full_screen_section=&#8221;no&#8221; type=&#8221;grid&#8221; angled_section=&#8221;no&#8221; text_align=&#8221;center&#8221; background_image_as_pattern=&#8221;without_pattern&#8221; padding_top=&#8221;100&#8243; padding_bottom=&#8221;60&#8243; z_index=&#8221;&#8221; css=&#8221;.vc_custom_1528093837140{background-color: #ffffff !important;}&#8221; el_class=&#8221;extra&#8221;][vc_column width=&#8221;3\/4&#8243; offset=&#8221;vc_col-lg-offset-0 vc_col-lg-9 vc_col-md-offset-0 vc_col-md-8&#8243;][vc_column_text] Jenamazol \u00ae 20mg\/g [\/vc_column_text][vc_empty_space height=&#8221;28px&#8221;][vc_column_text] Rychl\u00e1 l\u00e9\u010dba po\u0161evn\u00edch z\u00e1n\u011bt\u016f zp\u016fsoben\u00fdch kvasinkovou infekc\u00ed (po\u0161evn\u00ed myk\u00f3za, vulvovagin\u00e1ln\u00ed kandid\u00f3za). [\/vc_column_text][vc_empty_space height=&#8221;28px&#8221;][vc_column_text] Tento l\u00e9k se p\u016fvodn\u011b vyr\u00e1b\u011bl na \u00fazem\u00ed&#8230;<\/p>\n","protected":false},"author":1,"featured_media":0,"parent":0,"menu_order":0,"comment_status":"closed","ping_status":"closed","template":"full_width.php","meta":{"footnotes":""},"class_list":["post-18179","page","type-page","status-publish","hentry"],"yoast_head":"<!-- This site is optimized with the Yoast SEO plugin v26.7 - https:\/\/yoast.com\/wordpress\/plugins\/seo\/ -->\n<title>Jenamazol | quintesence.cz<\/title>\n<meta name=\"robots\" content=\"index, follow, max-snippet:-1, max-image-preview:large, max-video-preview:-1\" \/>\n<link rel=\"canonical\" href=\"https:\/\/www.quintesence.cz\/index.php\/jenamazol\/\" \/>\n<meta property=\"og:locale\" content=\"en_US\" \/>\n<meta property=\"og:type\" content=\"article\" \/>\n<meta property=\"og:title\" content=\"Jenamazol | quintesence.cz\" \/>\n<meta property=\"og:description\" content=\"[vc_row css_animation=&#8221;&#8221; row_type=&#8221;row&#8221; use_row_as_full_screen_section=&#8221;no&#8221; type=&#8221;grid&#8221; angled_section=&#8221;no&#8221; text_align=&#8221;center&#8221; background_image_as_pattern=&#8221;without_pattern&#8221; padding_top=&#8221;100&#8243; padding_bottom=&#8221;60&#8243; z_index=&#8221;&#8221; css=&#8221;.vc_custom_1528093837140{background-color: #ffffff !important;}&#8221; el_class=&#8221;extra&#8221;][vc_column width=&#8221;3\/4&#8243; offset=&#8221;vc_col-lg-offset-0 vc_col-lg-9 vc_col-md-offset-0 vc_col-md-8&#8243;][vc_column_text] Jenamazol \u00ae 20mg\/g [\/vc_column_text][vc_empty_space height=&#8221;28px&#8221;][vc_column_text] Rychl\u00e1 l\u00e9\u010dba po\u0161evn\u00edch z\u00e1n\u011bt\u016f zp\u016fsoben\u00fdch kvasinkovou infekc\u00ed (po\u0161evn\u00ed myk\u00f3za, vulvovagin\u00e1ln\u00ed kandid\u00f3za). [\/vc_column_text][vc_empty_space height=&#8221;28px&#8221;][vc_column_text] Tento l\u00e9k se p\u016fvodn\u011b vyr\u00e1b\u011bl na \u00fazem\u00ed...\" \/>\n<meta property=\"og:url\" content=\"https:\/\/www.quintesence.cz\/index.php\/jenamazol\/\" \/>\n<meta property=\"og:site_name\" content=\"quintesence.cz\" \/>\n<meta property=\"article:publisher\" content=\"https:\/\/www.facebook.com\/quintesence.ad\" \/>\n<meta property=\"article:modified_time\" content=\"2023-04-10T06:01:16+00:00\" \/>\n<meta name=\"twitter:card\" content=\"summary_large_image\" \/>\n<meta name=\"twitter:label1\" content=\"Est. reading time\" \/>\n\t<meta name=\"twitter:data1\" content=\"1 minute\" \/>\n<script type=\"application\/ld+json\" class=\"yoast-schema-graph\">{\"@context\":\"https:\/\/schema.org\",\"@graph\":[{\"@type\":\"WebPage\",\"@id\":\"https:\/\/www.quintesence.cz\/index.php\/jenamazol\/\",\"url\":\"https:\/\/www.quintesence.cz\/index.php\/jenamazol\/\",\"name\":\"Jenamazol | quintesence.cz\",\"isPartOf\":{\"@id\":\"https:\/\/www.quintesence.cz\/#website\"},\"datePublished\":\"2018-05-31T07:42:16+00:00\",\"dateModified\":\"2023-04-10T06:01:16+00:00\",\"breadcrumb\":{\"@id\":\"https:\/\/www.quintesence.cz\/index.php\/jenamazol\/#breadcrumb\"},\"inLanguage\":\"en-US\",\"potentialAction\":[{\"@type\":\"ReadAction\",\"target\":[\"https:\/\/www.quintesence.cz\/index.php\/jenamazol\/\"]}]},{\"@type\":\"BreadcrumbList\",\"@id\":\"https:\/\/www.quintesence.cz\/index.php\/jenamazol\/#breadcrumb\",\"itemListElement\":[{\"@type\":\"ListItem\",\"position\":1,\"name\":\"Home\",\"item\":\"https:\/\/www.quintesence.cz\/\"},{\"@type\":\"ListItem\",\"position\":2,\"name\":\"Jenamazol\"}]},{\"@type\":\"WebSite\",\"@id\":\"https:\/\/www.quintesence.cz\/#website\",\"url\":\"https:\/\/www.quintesence.cz\/\",\"name\":\"quintesence.cz\",\"description\":\"Enhancing quality of life\",\"publisher\":{\"@id\":\"https:\/\/www.quintesence.cz\/#organization\"},\"potentialAction\":[{\"@type\":\"SearchAction\",\"target\":{\"@type\":\"EntryPoint\",\"urlTemplate\":\"https:\/\/www.quintesence.cz\/?s={search_term_string}\"},\"query-input\":{\"@type\":\"PropertyValueSpecification\",\"valueRequired\":true,\"valueName\":\"search_term_string\"}}],\"inLanguage\":\"en-US\"},{\"@type\":\"Organization\",\"@id\":\"https:\/\/www.quintesence.cz\/#organization\",\"name\":\"Quintesence\",\"url\":\"https:\/\/www.quintesence.cz\/\",\"logo\":{\"@type\":\"ImageObject\",\"inLanguage\":\"en-US\",\"@id\":\"https:\/\/www.quintesence.cz\/#\/schema\/logo\/image\/\",\"url\":\"https:\/\/www.quintesence.cz\/wp-content\/uploads\/2018\/06\/LogoHome_Purple.png\",\"contentUrl\":\"https:\/\/www.quintesence.cz\/wp-content\/uploads\/2018\/06\/LogoHome_Purple.png\",\"width\":146,\"height\":51,\"caption\":\"Quintesence\"},\"image\":{\"@id\":\"https:\/\/www.quintesence.cz\/#\/schema\/logo\/image\/\"},\"sameAs\":[\"https:\/\/www.facebook.com\/quintesence.ad\"]}]}<\/script>\n<!-- \/ Yoast SEO plugin. -->","yoast_head_json":{"title":"Jenamazol | quintesence.cz","robots":{"index":"index","follow":"follow","max-snippet":"max-snippet:-1","max-image-preview":"max-image-preview:large","max-video-preview":"max-video-preview:-1"},"canonical":"https:\/\/www.quintesence.cz\/index.php\/jenamazol\/","og_locale":"en_US","og_type":"article","og_title":"Jenamazol | quintesence.cz","og_description":"[vc_row css_animation=&#8221;&#8221; row_type=&#8221;row&#8221; use_row_as_full_screen_section=&#8221;no&#8221; type=&#8221;grid&#8221; angled_section=&#8221;no&#8221; text_align=&#8221;center&#8221; background_image_as_pattern=&#8221;without_pattern&#8221; padding_top=&#8221;100&#8243; padding_bottom=&#8221;60&#8243; z_index=&#8221;&#8221; css=&#8221;.vc_custom_1528093837140{background-color: #ffffff !important;}&#8221; el_class=&#8221;extra&#8221;][vc_column width=&#8221;3\/4&#8243; offset=&#8221;vc_col-lg-offset-0 vc_col-lg-9 vc_col-md-offset-0 vc_col-md-8&#8243;][vc_column_text] Jenamazol \u00ae 20mg\/g [\/vc_column_text][vc_empty_space height=&#8221;28px&#8221;][vc_column_text] Rychl\u00e1 l\u00e9\u010dba po\u0161evn\u00edch z\u00e1n\u011bt\u016f zp\u016fsoben\u00fdch kvasinkovou infekc\u00ed (po\u0161evn\u00ed myk\u00f3za, vulvovagin\u00e1ln\u00ed kandid\u00f3za). [\/vc_column_text][vc_empty_space height=&#8221;28px&#8221;][vc_column_text] Tento l\u00e9k se p\u016fvodn\u011b vyr\u00e1b\u011bl na \u00fazem\u00ed...","og_url":"https:\/\/www.quintesence.cz\/index.php\/jenamazol\/","og_site_name":"quintesence.cz","article_publisher":"https:\/\/www.facebook.com\/quintesence.ad","article_modified_time":"2023-04-10T06:01:16+00:00","twitter_card":"summary_large_image","twitter_misc":{"Est. reading time":"1 minute"},"schema":{"@context":"https:\/\/schema.org","@graph":[{"@type":"WebPage","@id":"https:\/\/www.quintesence.cz\/index.php\/jenamazol\/","url":"https:\/\/www.quintesence.cz\/index.php\/jenamazol\/","name":"Jenamazol | quintesence.cz","isPartOf":{"@id":"https:\/\/www.quintesence.cz\/#website"},"datePublished":"2018-05-31T07:42:16+00:00","dateModified":"2023-04-10T06:01:16+00:00","breadcrumb":{"@id":"https:\/\/www.quintesence.cz\/index.php\/jenamazol\/#breadcrumb"},"inLanguage":"en-US","potentialAction":[{"@type":"ReadAction","target":["https:\/\/www.quintesence.cz\/index.php\/jenamazol\/"]}]},{"@type":"BreadcrumbList","@id":"https:\/\/www.quintesence.cz\/index.php\/jenamazol\/#breadcrumb","itemListElement":[{"@type":"ListItem","position":1,"name":"Home","item":"https:\/\/www.quintesence.cz\/"},{"@type":"ListItem","position":2,"name":"Jenamazol"}]},{"@type":"WebSite","@id":"https:\/\/www.quintesence.cz\/#website","url":"https:\/\/www.quintesence.cz\/","name":"quintesence.cz","description":"Enhancing quality of life","publisher":{"@id":"https:\/\/www.quintesence.cz\/#organization"},"potentialAction":[{"@type":"SearchAction","target":{"@type":"EntryPoint","urlTemplate":"https:\/\/www.quintesence.cz\/?s={search_term_string}"},"query-input":{"@type":"PropertyValueSpecification","valueRequired":true,"valueName":"search_term_string"}}],"inLanguage":"en-US"},{"@type":"Organization","@id":"https:\/\/www.quintesence.cz\/#organization","name":"Quintesence","url":"https:\/\/www.quintesence.cz\/","logo":{"@type":"ImageObject","inLanguage":"en-US","@id":"https:\/\/www.quintesence.cz\/#\/schema\/logo\/image\/","url":"https:\/\/www.quintesence.cz\/wp-content\/uploads\/2018\/06\/LogoHome_Purple.png","contentUrl":"https:\/\/www.quintesence.cz\/wp-content\/uploads\/2018\/06\/LogoHome_Purple.png","width":146,"height":51,"caption":"Quintesence"},"image":{"@id":"https:\/\/www.quintesence.cz\/#\/schema\/logo\/image\/"},"sameAs":["https:\/\/www.facebook.com\/quintesence.ad"]}]}},"_links":{"self":[{"href":"https:\/\/www.quintesence.cz\/index.php\/wp-json\/wp\/v2\/pages\/18179","targetHints":{"allow":["GET"]}}],"collection":[{"href":"https:\/\/www.quintesence.cz\/index.php\/wp-json\/wp\/v2\/pages"}],"about":[{"href":"https:\/\/www.quintesence.cz\/index.php\/wp-json\/wp\/v2\/types\/page"}],"author":[{"embeddable":true,"href":"https:\/\/www.quintesence.cz\/index.php\/wp-json\/wp\/v2\/users\/1"}],"replies":[{"embeddable":true,"href":"https:\/\/www.quintesence.cz\/index.php\/wp-json\/wp\/v2\/comments?post=18179"}],"version-history":[{"count":29,"href":"https:\/\/www.quintesence.cz\/index.php\/wp-json\/wp\/v2\/pages\/18179\/revisions"}],"predecessor-version":[{"id":18541,"href":"https:\/\/www.quintesence.cz\/index.php\/wp-json\/wp\/v2\/pages\/18179\/revisions\/18541"}],"wp:attachment":[{"href":"https:\/\/www.quintesence.cz\/index.php\/wp-json\/wp\/v2\/media?parent=18179"}],"curies":[{"name":"wp","href":"https:\/\/api.w.org\/{rel}","templated":true}]}}