{"id":5,"date":"2018-02-05T11:04:12","date_gmt":"2018-02-05T11:04:12","guid":{"rendered":"http:\/\/bridge151.qodeinteractive.com\/?page_id=5"},"modified":"2023-04-10T06:49:36","modified_gmt":"2023-04-10T05:49:36","slug":"home","status":"publish","type":"page","link":"https:\/\/www.quintesence.cz\/","title":{"rendered":"Home"},"content":{"rendered":"<p>[vc_row css_animation=&#8221;&#8221; row_type=&#8221;row&#8221; use_row_as_full_screen_section=&#8221;no&#8221; type=&#8221;grid&#8221; angled_section=&#8221;no&#8221; text_align=&#8221;center&#8221; background_image_as_pattern=&#8221;without_pattern&#8221; padding_top=&#8221;60&#8243; padding_bottom=&#8221;60&#8243; z_index=&#8221;&#8221; css=&#8221;.vc_custom_1527925885916{margin-top: 0px !important;background-color: #f5f6f6 !important;}&#8221;][vc_column css=&#8221;.vc_custom_1527925460177{margin-top: 0px !important;}&#8221;][qode_elements_holder number_of_columns=&#8221;one_column&#8221; alignment_one_column=&#8221;center&#8221;][qode_elements_holder_item background_color=&#8221;rgba(255,255,255,0.85)&#8221; item_padding=&#8221;60px 60px 60px 60px&#8221; vertical_alignment=&#8221;top&#8221; horizontal_alignment=&#8221;center&#8221; advanced_animations=&#8221;no&#8221; item_padding_768_1024=&#8221;10px 10px 10px 10px&#8221; item_padding_600_768=&#8221;25px 25px 25px 25px &#8220;][vc_column_text]<\/p>\n<h1 style=\"text-align: center;\"><span style=\"color: #7a1161;\">Enhancing quality of life<\/span><\/h1>\n<p>[\/vc_column_text][vc_empty_space height=&#8221;28px&#8221;][vc_column_text]<\/p>\n<h3 style=\"text-align: center;\">Spole\u010dnost Quintesence s.r.o. je dynamick\u00e1 farmaceutick\u00e1 spole\u010dnost, kter\u00e1 klade velk\u00fd d\u016fraz na kvalitu sv\u00fdch v\u00fdrobk\u016f, jej\u00edm\u017e c\u00edlem je pom\u00e1hat zlep\u0161ovat kvalitu \u017eivota ka\u017ed\u00e9ho z n\u00e1s po zdravotn\u00ed str\u00e1nce.<\/h3>\n<p>[\/vc_column_text][vc_empty_space height=&#8221;28px&#8221;][\/qode_elements_holder_item][\/qode_elements_holder][\/vc_column][\/vc_row][vc_row css_animation=&#8221;&#8221; row_type=&#8221;row&#8221; use_row_as_full_screen_section=&#8221;no&#8221; type=&#8221;grid&#8221; angled_section=&#8221;no&#8221; text_align=&#8221;left&#8221; background_image_as_pattern=&#8221;without_pattern&#8221; padding_bottom=&#8221;10&#8243; z_index=&#8221;&#8221; css=&#8221;.vc_custom_1527772680640{background-color: #f5f6f6 !important;}&#8221;][vc_column css=&#8221;.vc_custom_1527771774169{margin-top: 0px !important;}&#8221;][qode_elements_holder number_of_columns=&#8221;three_columns&#8221;][qode_elements_holder_item background_color=&#8221;rgba(255,255,255,0.75)&#8221; item_padding=&#8221;60px 60px 60px 60px&#8221; vertical_alignment=&#8221;top&#8221; horizontal_alignment=&#8221;left&#8221; advanced_animations=&#8221;no&#8221; item_padding_480_600=&#8221;53px 30px 69px 25px&#8221; item_padding_480=&#8221;53px 30px 69px 25px&#8221;][vc_empty_space height=&#8221;17px&#8221;][vc_column_text]<\/p>\n<h2><span style=\"color: #000000;\">Ve\u0159ejn\u011b p\u0159\u00edstupn\u00e1 odborn\u00e1 informa\u010dn\u00ed slu\u017eba<\/span><\/h2>\n<p>[\/vc_column_text][vc_empty_space height=&#8221;16px&#8221;][vc_column_text]<span style=\"color: #000000;\">Ve\u0159ejn\u011b p\u0159\u00edstupn\u00e1 odborn\u00e1 informa\u010dn\u00ed slu\u017eba o l\u00e9\u010div\u00fdch p\u0159\u00edpravc\u00edch (VPOIS) spole\u010dnosti Quintesence s.r.o. je z\u0159\u00edzena v souladu se z\u00e1konem o l\u00e9\u010divech a obsahuje informace o v\u0161ech l\u00e9\u010div\u00fdch p\u0159\u00edpravc\u00edch spole\u010dnosti Quintesence s.r.o. v \u010cesk\u00e9 republice.<\/span>[\/vc_column_text][vc_empty_space height=&#8221;22px&#8221;][vc_column_text]<\/p>\n<h4><a href=\"http:\/\/www.quintesence.cz\/index.php\/farmakovigilance\/\"><span style=\"color: #000000;\">&gt;&gt; Farmakovigilance \u2013 hl\u00e1\u0161en\u00ed ne\u017e\u00e1douc\u00edch \u00fa\u010dink\u016f<\/span><\/a><\/h4>\n<p>&nbsp;<\/p>\n<h4><span style=\"color: #000000;\"><a href=\"http:\/\/www.quintesence.cz\/index.php\/vpois\/\">&gt;&gt; Ve\u0159ejn\u011b p\u0159\u00edstupn\u00e1 odborn\u00e1 informa\u010dn\u00ed slu\u017eba<\/a><br \/>\n<\/span><\/h4>\n<p>&nbsp;<\/p>\n<h4><span style=\"color: #000000;\"><a href=\"http:\/\/www.quintesence.cz\/index.php\/nevidome-slabozrake\/\">&gt;&gt; Informace pro nevidom\u00e9 a slabozrak\u00e9<\/a><br \/>\n<\/span><\/h4>\n<p>[\/vc_column_text][vc_empty_space height=&#8221;50px&#8221;][vc_column_text]<\/p>\n<h4><span style=\"color: #000000;\">Vyberte zda pat\u0159\u00edte k odborn\u00e9 ve\u0159ejnosti<\/span><\/h4>\n<p>[\/vc_column_text][vc_empty_space height=&#8221;20px&#8221;]<div class=\"qode-accordion-holder clearfix qode-accordion qode-initial \">\n\t<h4 class=\"clearfix qode-title-holder\">\n<span class=\"qode-tab-title\">\n\t\t\t<span class=\"qode-tab-title-icon\">\n\t\t\t<i class=\"qode_icon_font_awesome fa fa-check \" ><\/i>\t\t<\/span>\n\t    <span class=\"qode-tab-title-inner\">\n        Nepat\u0159\u00edm k odborn\u00e9 ve\u0159ejnosti    <\/span>\n<\/span>\n<span class=\"qode-accordion-mark\">\n    <span class=\"qode-accordion-mark-icon\">\n        <span class=\"icon_plus\"><\/span>\n        <span class=\"icon_minus-06\"><\/span>\n    <\/span>\n<\/span>\n<\/h4>\n<div class=\"qode-accordion-content qode-acc-title-with-icon\" >\n    <div class=\"qode-accordion-content-inner\">\n        [vc_column_text]P\u0159e\u010dt\u011bte si dal\u0161\u00ed informace o <a href=\"http:\/\/www.quintesence.cz\/index.php\/produkty\/\">na\u0161ich produktech<\/a>[\/vc_column_text]    <\/div>\n<\/div><h4 class=\"clearfix qode-title-holder\">\n<span class=\"qode-tab-title\">\n\t\t\t<span class=\"qode-tab-title-icon\">\n\t\t\t<i class=\"qode_icon_font_awesome fa fa-check \" ><\/i>\t\t<\/span>\n\t    <span class=\"qode-tab-title-inner\">\n        Pat\u0159\u00edm k odborn\u00e9 ve\u0159ejnosti    <\/span>\n<\/span>\n<span class=\"qode-accordion-mark\">\n    <span class=\"qode-accordion-mark-icon\">\n        <span class=\"icon_plus\"><\/span>\n        <span class=\"icon_minus-06\"><\/span>\n    <\/span>\n<\/span>\n<\/h4>\n<div class=\"qode-accordion-content qode-acc-title-with-icon\" >\n    <div class=\"qode-accordion-content-inner\">\n        [vc_column_text]<a href=\"http:\/\/www.quintesence.cz\/index.php\/vpois\/\">Informace o jednotliv\u00fdch l\u00e9\u010div\u00fdch p\u0159\u00edpravc\u00edch<\/a> pro z\u00e1jemce zejm\u00e9na z \u0159ad zdravotnick\u00fdch pracovn\u00edk\u016f, l\u00e9ka\u0159\u016f a l\u00e9k\u00e1rn\u00edk\u016f (str\u00e1nk\u00e1ch S\u00daKL)[\/vc_column_text]    <\/div>\n<\/div><\/div>[vc_empty_space height=&#8221;16px&#8221;][\/qode_elements_holder_item][\/qode_elements_holder][\/vc_column][\/vc_row][vc_row css_animation=&#8221;&#8221; row_type=&#8221;row&#8221; use_row_as_full_screen_section=&#8221;no&#8221; type=&#8221;grid&#8221; angled_section=&#8221;no&#8221; text_align=&#8221;left&#8221; background_image_as_pattern=&#8221;without_pattern&#8221; padding_top=&#8221;60&#8243; padding_bottom=&#8221;60&#8243; z_index=&#8221;&#8221;][vc_column width=&#8221;1\/3&#8243;][vc_single_image image=&#8221;18535&#8243; img_size=&#8221;large&#8221; onclick=&#8221;custom_link&#8221; qode_css_animation=&#8221;&#8221; link=&#8221;http:\/\/www.quintesence.cz\/index.php\/hydrocortison\/&#8221;][vc_empty_space height=&#8221;30px&#8221;][vc_column_text]<\/p>\n<h2 style=\"text-align: left;\">Hydrocortison Quintesence<\/h2>\n<p>[\/vc_column_text][vc_empty_space height=&#8221;18px&#8221;][vc_column_text]<\/p>\n<p style=\"text-align: left;\"><span style=\"color: #000000;\">Tento l\u00e9k je pouze na l\u00e9ka\u0159sk\u00fd p\u0159edpis. Obsahuje hormon hydrokortison, p\u0159irozen\u00fd glukokortikoid (hormon k\u016fry nadledvin).<\/span><\/p>\n<p>[\/vc_column_text][vc_empty_space height=&#8221;18px&#8221;]<a  itemprop=\"url\" href=\"http:\/\/www.quintesence.cz\/index.php\/hydrocortison\/\" target=\"_self\"  class=\"qbutton  enlarge\" style=\"\">V\u00edce<i class=\"qode_icon_font_awesome fa fa-arrow-right qode_button_icon_element\" style=\"\" ><\/i><\/a>[vc_empty_space height=&#8221;30px&#8221;][\/vc_column][vc_column width=&#8221;1\/3&#8243;][vc_single_image image=&#8221;18534&#8243; img_size=&#8221;large&#8221; onclick=&#8221;custom_link&#8221; qode_css_animation=&#8221;&#8221; link=&#8221;http:\/\/www.quintesence.cz\/index.php\/panthenol-tablety\/&#8221;][vc_empty_space height=&#8221;30px&#8221;][vc_column_text]<\/p>\n<h2>Panthenol Quintesence 100 mg<\/h2>\n<p>[\/vc_column_text][vc_empty_space height=&#8221;18px&#8221;][vc_column_text]<\/p>\n<p style=\"text-align: left;\"><span style=\"color: #000000;\">Nov\u00fdm \u010dlenem produktov\u00e9 \u0159ady spole\u010dnosti Quintesence s.r.o. se stal Panthenol\u00a0Quintesence tablety.<\/span><\/p>\n<p>[\/vc_column_text][vc_empty_space height=&#8221;18px&#8221;]<a  itemprop=\"url\" href=\"http:\/\/www.quintesence.cz\/index.php\/panthenol-tablety\/\" target=\"_self\"  class=\"qbutton  enlarge\" style=\"\">V\u00edce<i class=\"qode_icon_font_awesome fa fa-arrow-right qode_button_icon_element\" style=\"\" ><\/i><\/a>[vc_empty_space height=&#8221;30px&#8221;][\/vc_column][vc_column width=&#8221;1\/3&#8243;][vc_single_image image=&#8221;18533&#8243; img_size=&#8221;large&#8221; onclick=&#8221;custom_link&#8221; qode_css_animation=&#8221;&#8221; link=&#8221;http:\/\/www.quintesence.cz\/index.php\/jenamazol\/&#8221;][vc_empty_space height=&#8221;30px&#8221;][vc_column_text]<\/p>\n<h2>Jenamazol\u00ae 20mg\/g<\/h2>\n<p>[\/vc_column_text][vc_empty_space height=&#8221;18px&#8221;][vc_column_text]<\/p>\n<p style=\"text-align: left;\"><span style=\"color: #000000;\">Rychl\u00e1 l\u00e9\u010dba po\u0161evn\u00edch z\u00e1n\u011bt\u016f zp\u016fsoben\u00fdch kvasinkovou infekc\u00ed (po\u0161evn\u00ed myk\u00f3za, vulvovagin\u00e1ln\u00ed kandid\u00f3za).<\/span><\/p>\n<p>[\/vc_column_text][vc_empty_space height=&#8221;18px&#8221;]<a  itemprop=\"url\" href=\"http:\/\/www.quintesence.cz\/index.php\/jenamazol\/\" target=\"_self\"  class=\"qbutton  enlarge\" style=\"\">V\u00edce<i class=\"qode_icon_font_awesome fa fa-arrow-right qode_button_icon_element\" style=\"\" ><\/i><\/a>[vc_empty_space height=&#8221;30px&#8221;][\/vc_column][\/vc_row]<\/p>\n","protected":false},"excerpt":{"rendered":"<p>[vc_row css_animation=&#8221;&#8221; row_type=&#8221;row&#8221; use_row_as_full_screen_section=&#8221;no&#8221; type=&#8221;grid&#8221; angled_section=&#8221;no&#8221; text_align=&#8221;center&#8221; background_image_as_pattern=&#8221;without_pattern&#8221; padding_top=&#8221;60&#8243; padding_bottom=&#8221;60&#8243; z_index=&#8221;&#8221; css=&#8221;.vc_custom_1527925885916{margin-top: 0px !important;background-color: #f5f6f6 !important;}&#8221;][vc_column css=&#8221;.vc_custom_1527925460177{margin-top: 0px !important;}&#8221;][qode_elements_holder number_of_columns=&#8221;one_column&#8221; alignment_one_column=&#8221;center&#8221;][qode_elements_holder_item background_color=&#8221;rgba(255,255,255,0.85)&#8221; item_padding=&#8221;60px 60px 60px 60px&#8221; vertical_alignment=&#8221;top&#8221; horizontal_alignment=&#8221;center&#8221; advanced_animations=&#8221;no&#8221; item_padding_768_1024=&#8221;10px 10px 10px 10px&#8221; item_padding_600_768=&#8221;25px 25px 25px 25px &#8220;][vc_column_text] Enhancing quality of life [\/vc_column_text][vc_empty_space height=&#8221;28px&#8221;][vc_column_text] Spole\u010dnost&#8230;<\/p>\n","protected":false},"author":1,"featured_media":0,"parent":0,"menu_order":0,"comment_status":"closed","ping_status":"closed","template":"full_width.php","meta":{"footnotes":""},"class_list":["post-5","page","type-page","status-publish","hentry"],"yoast_head":"<!-- This site is optimized with the Yoast SEO plugin v26.7 - https:\/\/yoast.com\/wordpress\/plugins\/seo\/ -->\n<title>Home | quintesence.cz<\/title>\n<meta name=\"robots\" content=\"index, follow, max-snippet:-1, max-image-preview:large, max-video-preview:-1\" \/>\n<link rel=\"canonical\" href=\"https:\/\/www.quintesence.cz\/\" \/>\n<meta property=\"og:locale\" content=\"en_US\" \/>\n<meta property=\"og:type\" content=\"article\" \/>\n<meta property=\"og:title\" content=\"Home | quintesence.cz\" \/>\n<meta property=\"og:description\" content=\"[vc_row css_animation=&#8221;&#8221; row_type=&#8221;row&#8221; use_row_as_full_screen_section=&#8221;no&#8221; type=&#8221;grid&#8221; angled_section=&#8221;no&#8221; text_align=&#8221;center&#8221; background_image_as_pattern=&#8221;without_pattern&#8221; padding_top=&#8221;60&#8243; padding_bottom=&#8221;60&#8243; z_index=&#8221;&#8221; css=&#8221;.vc_custom_1527925885916{margin-top: 0px !important;background-color: #f5f6f6 !important;}&#8221;][vc_column css=&#8221;.vc_custom_1527925460177{margin-top: 0px !important;}&#8221;][qode_elements_holder number_of_columns=&#8221;one_column&#8221; alignment_one_column=&#8221;center&#8221;][qode_elements_holder_item background_color=&#8221;rgba(255,255,255,0.85)&#8221; item_padding=&#8221;60px 60px 60px 60px&#8221; vertical_alignment=&#8221;top&#8221; horizontal_alignment=&#8221;center&#8221; advanced_animations=&#8221;no&#8221; item_padding_768_1024=&#8221;10px 10px 10px 10px&#8221; item_padding_600_768=&#8221;25px 25px 25px 25px &#8220;][vc_column_text] Enhancing quality of life [\/vc_column_text][vc_empty_space height=&#8221;28px&#8221;][vc_column_text] Spole\u010dnost...\" \/>\n<meta property=\"og:url\" content=\"https:\/\/www.quintesence.cz\/\" \/>\n<meta property=\"og:site_name\" content=\"quintesence.cz\" \/>\n<meta property=\"article:publisher\" content=\"https:\/\/www.facebook.com\/quintesence.ad\" \/>\n<meta property=\"article:modified_time\" content=\"2023-04-10T05:49:36+00:00\" \/>\n<meta name=\"twitter:card\" content=\"summary_large_image\" \/>\n<meta name=\"twitter:label1\" content=\"Est. reading time\" \/>\n\t<meta name=\"twitter:data1\" content=\"4 minutes\" \/>\n<script type=\"application\/ld+json\" class=\"yoast-schema-graph\">{\"@context\":\"https:\/\/schema.org\",\"@graph\":[{\"@type\":\"WebPage\",\"@id\":\"https:\/\/www.quintesence.cz\/\",\"url\":\"https:\/\/www.quintesence.cz\/\",\"name\":\"Home | quintesence.cz\",\"isPartOf\":{\"@id\":\"https:\/\/www.quintesence.cz\/#website\"},\"datePublished\":\"2018-02-05T11:04:12+00:00\",\"dateModified\":\"2023-04-10T05:49:36+00:00\",\"breadcrumb\":{\"@id\":\"https:\/\/www.quintesence.cz\/#breadcrumb\"},\"inLanguage\":\"en-US\",\"potentialAction\":[{\"@type\":\"ReadAction\",\"target\":[\"https:\/\/www.quintesence.cz\/\"]}]},{\"@type\":\"BreadcrumbList\",\"@id\":\"https:\/\/www.quintesence.cz\/#breadcrumb\",\"itemListElement\":[{\"@type\":\"ListItem\",\"position\":1,\"name\":\"Home\",\"item\":\"https:\/\/www.quintesence.cz\/\"},{\"@type\":\"ListItem\",\"position\":2,\"name\":\"Home\"}]},{\"@type\":\"WebSite\",\"@id\":\"https:\/\/www.quintesence.cz\/#website\",\"url\":\"https:\/\/www.quintesence.cz\/\",\"name\":\"quintesence.cz\",\"description\":\"Enhancing quality of life\",\"publisher\":{\"@id\":\"https:\/\/www.quintesence.cz\/#organization\"},\"potentialAction\":[{\"@type\":\"SearchAction\",\"target\":{\"@type\":\"EntryPoint\",\"urlTemplate\":\"https:\/\/www.quintesence.cz\/?s={search_term_string}\"},\"query-input\":{\"@type\":\"PropertyValueSpecification\",\"valueRequired\":true,\"valueName\":\"search_term_string\"}}],\"inLanguage\":\"en-US\"},{\"@type\":\"Organization\",\"@id\":\"https:\/\/www.quintesence.cz\/#organization\",\"name\":\"Quintesence\",\"url\":\"https:\/\/www.quintesence.cz\/\",\"logo\":{\"@type\":\"ImageObject\",\"inLanguage\":\"en-US\",\"@id\":\"https:\/\/www.quintesence.cz\/#\/schema\/logo\/image\/\",\"url\":\"https:\/\/www.quintesence.cz\/wp-content\/uploads\/2018\/06\/LogoHome_Purple.png\",\"contentUrl\":\"https:\/\/www.quintesence.cz\/wp-content\/uploads\/2018\/06\/LogoHome_Purple.png\",\"width\":146,\"height\":51,\"caption\":\"Quintesence\"},\"image\":{\"@id\":\"https:\/\/www.quintesence.cz\/#\/schema\/logo\/image\/\"},\"sameAs\":[\"https:\/\/www.facebook.com\/quintesence.ad\"]}]}<\/script>\n<!-- \/ Yoast SEO plugin. -->","yoast_head_json":{"title":"Home | quintesence.cz","robots":{"index":"index","follow":"follow","max-snippet":"max-snippet:-1","max-image-preview":"max-image-preview:large","max-video-preview":"max-video-preview:-1"},"canonical":"https:\/\/www.quintesence.cz\/","og_locale":"en_US","og_type":"article","og_title":"Home | quintesence.cz","og_description":"[vc_row css_animation=&#8221;&#8221; row_type=&#8221;row&#8221; use_row_as_full_screen_section=&#8221;no&#8221; type=&#8221;grid&#8221; angled_section=&#8221;no&#8221; text_align=&#8221;center&#8221; background_image_as_pattern=&#8221;without_pattern&#8221; padding_top=&#8221;60&#8243; padding_bottom=&#8221;60&#8243; z_index=&#8221;&#8221; css=&#8221;.vc_custom_1527925885916{margin-top: 0px !important;background-color: #f5f6f6 !important;}&#8221;][vc_column css=&#8221;.vc_custom_1527925460177{margin-top: 0px !important;}&#8221;][qode_elements_holder number_of_columns=&#8221;one_column&#8221; alignment_one_column=&#8221;center&#8221;][qode_elements_holder_item background_color=&#8221;rgba(255,255,255,0.85)&#8221; item_padding=&#8221;60px 60px 60px 60px&#8221; vertical_alignment=&#8221;top&#8221; horizontal_alignment=&#8221;center&#8221; advanced_animations=&#8221;no&#8221; item_padding_768_1024=&#8221;10px 10px 10px 10px&#8221; item_padding_600_768=&#8221;25px 25px 25px 25px &#8220;][vc_column_text] Enhancing quality of life [\/vc_column_text][vc_empty_space height=&#8221;28px&#8221;][vc_column_text] Spole\u010dnost...","og_url":"https:\/\/www.quintesence.cz\/","og_site_name":"quintesence.cz","article_publisher":"https:\/\/www.facebook.com\/quintesence.ad","article_modified_time":"2023-04-10T05:49:36+00:00","twitter_card":"summary_large_image","twitter_misc":{"Est. reading time":"4 minutes"},"schema":{"@context":"https:\/\/schema.org","@graph":[{"@type":"WebPage","@id":"https:\/\/www.quintesence.cz\/","url":"https:\/\/www.quintesence.cz\/","name":"Home | quintesence.cz","isPartOf":{"@id":"https:\/\/www.quintesence.cz\/#website"},"datePublished":"2018-02-05T11:04:12+00:00","dateModified":"2023-04-10T05:49:36+00:00","breadcrumb":{"@id":"https:\/\/www.quintesence.cz\/#breadcrumb"},"inLanguage":"en-US","potentialAction":[{"@type":"ReadAction","target":["https:\/\/www.quintesence.cz\/"]}]},{"@type":"BreadcrumbList","@id":"https:\/\/www.quintesence.cz\/#breadcrumb","itemListElement":[{"@type":"ListItem","position":1,"name":"Home","item":"https:\/\/www.quintesence.cz\/"},{"@type":"ListItem","position":2,"name":"Home"}]},{"@type":"WebSite","@id":"https:\/\/www.quintesence.cz\/#website","url":"https:\/\/www.quintesence.cz\/","name":"quintesence.cz","description":"Enhancing quality of life","publisher":{"@id":"https:\/\/www.quintesence.cz\/#organization"},"potentialAction":[{"@type":"SearchAction","target":{"@type":"EntryPoint","urlTemplate":"https:\/\/www.quintesence.cz\/?s={search_term_string}"},"query-input":{"@type":"PropertyValueSpecification","valueRequired":true,"valueName":"search_term_string"}}],"inLanguage":"en-US"},{"@type":"Organization","@id":"https:\/\/www.quintesence.cz\/#organization","name":"Quintesence","url":"https:\/\/www.quintesence.cz\/","logo":{"@type":"ImageObject","inLanguage":"en-US","@id":"https:\/\/www.quintesence.cz\/#\/schema\/logo\/image\/","url":"https:\/\/www.quintesence.cz\/wp-content\/uploads\/2018\/06\/LogoHome_Purple.png","contentUrl":"https:\/\/www.quintesence.cz\/wp-content\/uploads\/2018\/06\/LogoHome_Purple.png","width":146,"height":51,"caption":"Quintesence"},"image":{"@id":"https:\/\/www.quintesence.cz\/#\/schema\/logo\/image\/"},"sameAs":["https:\/\/www.facebook.com\/quintesence.ad"]}]}},"_links":{"self":[{"href":"https:\/\/www.quintesence.cz\/index.php\/wp-json\/wp\/v2\/pages\/5","targetHints":{"allow":["GET"]}}],"collection":[{"href":"https:\/\/www.quintesence.cz\/index.php\/wp-json\/wp\/v2\/pages"}],"about":[{"href":"https:\/\/www.quintesence.cz\/index.php\/wp-json\/wp\/v2\/types\/page"}],"author":[{"embeddable":true,"href":"https:\/\/www.quintesence.cz\/index.php\/wp-json\/wp\/v2\/users\/1"}],"replies":[{"embeddable":true,"href":"https:\/\/www.quintesence.cz\/index.php\/wp-json\/wp\/v2\/comments?post=5"}],"version-history":[{"count":123,"href":"https:\/\/www.quintesence.cz\/index.php\/wp-json\/wp\/v2\/pages\/5\/revisions"}],"predecessor-version":[{"id":18556,"href":"https:\/\/www.quintesence.cz\/index.php\/wp-json\/wp\/v2\/pages\/5\/revisions\/18556"}],"wp:attachment":[{"href":"https:\/\/www.quintesence.cz\/index.php\/wp-json\/wp\/v2\/media?parent=5"}],"curies":[{"name":"wp","href":"https:\/\/api.w.org\/{rel}","templated":true}]}}